{"id":10,"date":"2023-12-29T15:00:47","date_gmt":"2023-12-29T14:00:47","guid":{"rendered":"https:\/\/kuesten-kind.de\/KK2024\/?page_id=10"},"modified":"2024-06-04T13:32:36","modified_gmt":"2024-06-04T11:32:36","slug":"startseite","status":"publish","type":"page","link":"https:\/\/kuesten-kind.de\/KK2024\/","title":{"rendered":"Startseite"},"content":{"rendered":"\n<figure class=\"wp-block-video aligncenter popmake-548\"><video height=\"2160\" style=\"aspect-ratio: 3840 \/ 2160;\" width=\"3840\" autoplay loop muted src=\"https:\/\/kuesten-kind.de\/KK2024\/wp-content\/uploads\/2024\/01\/IMG_2656.mov\"><\/video><\/figure>\n\n\n\n<hr class=\"wp-block-separator has-alpha-channel-opacity is-style-wide\"\/>\n\n\n\n<h2 class=\"wp-block-heading has-text-align-center\">Sch\u00f6n, dass du da bist!<\/h2>\n\n\n\n<p class=\"has-text-align-center\">Nat\u00fcrlich \u2013 \u00f6kologisch \u2013 fair\u2026. daf\u00fcr steht das K\u00dcSTENKIND.<\/p>\n\n\n\n<p class=\"has-text-align-center\">Unser liebevoll ausgesuchtes Sortiment erstreckt sich von zertifizierter Naturkosmetik \u00fcber \u00f6kologisch nachhaltige Bekleidung f\u00fcr Babys und Kinder bis hin zu Eco-Fashion f\u00fcr Damen und Herren.<\/p>\n\n\n\n<p class=\"has-text-align-center\">Wir geh\u00f6ren keiner gro\u00dfen Kette an. Wir sind ein mit Leidenschaft gef\u00fchrter kleiner Familienbetrieb im Herzen von Eckernf\u00f6rde.<\/p>\n\n\n\n<p class=\"has-text-align-center\">Neben der Bio-Qualit\u00e4t achten wir besonders auf die sozial ethische korrekte Herstellung der Artikel.<\/p>\n\n\n\n<p class=\"has-text-align-center\">Denn: \u00f6kologische \u00dcberzeugung ist viel mehr als ein naturverbundenes Gesch\u00e4ft.<\/p>\n\n\n\n<div class=\"wp-block-media-text alignfull is-stacked-on-mobile is-vertically-aligned-center has-custom-kk-braun-color has-base-background-color has-text-color has-background has-link-color wp-elements-49deea23b6d10eaf92d31a95afbbc2be\"><figure class=\"wp-block-media-text__media\"><img loading=\"lazy\" decoding=\"async\" width=\"1024\" height=\"683\" src=\"https:\/\/kuesten-kind.de\/KK2024\/wp-content\/uploads\/2023\/12\/thumb_DSC_0567_1024-1024x683.jpg\" alt=\"\" class=\"wp-image-39 size-full\" srcset=\"https:\/\/kuesten-kind.de\/KK2024\/wp-content\/uploads\/2023\/12\/thumb_DSC_0567_1024-1024x683.jpg 1024w, https:\/\/kuesten-kind.de\/KK2024\/wp-content\/uploads\/2023\/12\/thumb_DSC_0567_1024-600x400.jpg 600w, https:\/\/kuesten-kind.de\/KK2024\/wp-content\/uploads\/2023\/12\/thumb_DSC_0567_1024-300x200.jpg 300w, https:\/\/kuesten-kind.de\/KK2024\/wp-content\/uploads\/2023\/12\/thumb_DSC_0567_1024-768x512.jpg 768w, https:\/\/kuesten-kind.de\/KK2024\/wp-content\/uploads\/2023\/12\/thumb_DSC_0567_1024.jpg 1086w\" sizes=\"auto, (max-width: 1024px) 100vw, 1024px\" \/><\/figure><div class=\"wp-block-media-text__content\">\n<h3 class=\"wp-block-heading has-text-align-center has-text-color\" style=\"color:#000000\"><strong><strong>Worum es bei uns geht?<\/strong><\/strong><\/h3>\n\n\n\n<p>Unsere Leidenschaft ist es, einen Beitrag dazu zu leisten, dass die Welt ein kleines bisschen besser wird. Klar, wir allein werden keine L\u00f6sungen f\u00fcr alle Herausforderungen unserer Zeit finden \u2013 aber wir k\u00f6nnen uns auf den Weg machen und durch kleine Schritte in die richtige Richtung der L\u00f6sung n\u00e4her kommen: einer Gesellschaft, die im Einklang mit der Natur lebt, die Umwelt schont und dadurch so vielen Menschen wie m\u00f6glich ein lebenswertes Leben erm\u00f6glicht.<\/p>\n\n\n\n<div class=\"wp-block-buttons is-content-justification-center is-layout-flex wp-container-core-buttons-is-layout-a89b3969 wp-block-buttons-is-layout-flex\">\n<div class=\"wp-block-button has-custom-width wp-block-button__width-50 is-style-fill\"><a class=\"wp-block-button__link has-custom-kk-t-rkis-color has-custom-kk-braun-background-color has-text-color has-background has-link-color wp-element-button\" href=\"https:\/\/kuesten-kind.de\/KK2024\/worum-geht-es-bei-uns\/\">erfahre mehr&#8230;<\/a><\/div>\n<\/div>\n<\/div><\/div>\n\n\n\n<div style=\"height:28px\" aria-hidden=\"true\" class=\"wp-block-spacer\"><\/div>\n\n\n\n<div class=\"wp-block-group alignfull has-custom-kk-braun-color has-base-background-color has-text-color has-background has-link-color wp-elements-ae6ce776ac03f36f93e0c3522aa04a34 is-layout-constrained wp-container-core-group-is-layout-669513ed wp-block-group-is-layout-constrained\" style=\"margin-top:0;margin-bottom:0;padding-top:var(--wp--preset--spacing--50);padding-right:var(--wp--preset--spacing--50);padding-bottom:var(--wp--preset--spacing--50);padding-left:var(--wp--preset--spacing--50)\">\n<div class=\"wp-block-group is-vertical is-content-justification-center is-layout-flex wp-container-core-group-is-layout-52b864f0 wp-block-group-is-layout-flex\">\n<h2 class=\"wp-block-heading has-text-align-center is-style-asterisk\">Eine Leidenschaft f\u00fcr die Gestaltung von R\u00e4umen<\/h2>\n\n\n\n<div style=\"height:0px\" aria-hidden=\"true\" class=\"wp-block-spacer wp-container-content-4f2ccadb\"><\/div>\n\n\n\n<p class=\"has-text-align-center\">Unser umfassendes Angebot an professionellen Dienstleistungen richtet sich an einen breit gef\u00e4cherten Kundenkreis, der von Hausbesitzern bis hin zu gewerblichen Bautr\u00e4gern reicht.<\/p>\n<\/div>\n\n\n\n<div style=\"margin-top:0;margin-bottom:0;height:var(--wp--preset--spacing--40)\" aria-hidden=\"true\" class=\"wp-block-spacer\"><\/div>\n\n\n\n<div class=\"wp-block-columns alignwide has-custom-kk-braun-color has-base-background-color has-text-color has-background has-link-color wp-elements-25872493d679771435e1200dbd554d32 is-layout-flex wp-container-core-columns-is-layout-d0bbbce0 wp-block-columns-is-layout-flex\">\n<div class=\"wp-block-column is-layout-flow wp-container-core-column-is-layout-e3d1c41b wp-block-column-is-layout-flow\">\n<h3 class=\"wp-block-heading has-text-align-left is-style-asterisk has-body-font-family has-medium-font-size\" style=\"font-style:normal;font-weight:600\">Renovierung und Restaurierung<\/h3>\n\n\n\n<p class=\"has-text-align-left\">Erlebe die Verschmelzung von Fantasie und Fachwissen mit \u00c9tudes Architektonische L\u00f6sungen.<\/p>\n<\/div>\n\n\n\n<div class=\"wp-block-column is-layout-flow wp-container-core-column-is-layout-e3d1c41b wp-block-column-is-layout-flow\">\n<h3 class=\"wp-block-heading has-text-align-left is-style-asterisk has-body-font-family has-medium-font-size\" style=\"font-style:normal;font-weight:600\">Fortlaufender Support<\/h3>\n\n\n\n<p class=\"has-text-align-left\">Erlebe die Verschmelzung von Fantasie und Fachwissen mit \u00c9tudes Architektonische L\u00f6sungen.<\/p>\n<\/div>\n\n\n\n<div class=\"wp-block-column is-layout-flow wp-container-core-column-is-layout-e3d1c41b wp-block-column-is-layout-flow\">\n<h3 class=\"wp-block-heading has-text-align-left is-style-asterisk has-body-font-family has-medium-font-size\" style=\"font-style:normal;font-weight:600\">App-Zugang<\/h3>\n\n\n\n<p class=\"has-text-align-left\">Erlebe die Verschmelzung von Fantasie und Fachwissen mit \u00c9tudes Architektonische L\u00f6sungen.<\/p>\n<\/div>\n<\/div>\n\n\n\n<div style=\"height:var(--wp--preset--spacing--20)\" aria-hidden=\"true\" class=\"wp-block-spacer\"><\/div>\n\n\n\n<div class=\"wp-block-columns alignwide is-layout-flex wp-container-core-columns-is-layout-d0bbbce0 wp-block-columns-is-layout-flex\">\n<div class=\"wp-block-column is-layout-flow wp-container-core-column-is-layout-e3d1c41b wp-block-column-is-layout-flow\">\n<h3 class=\"wp-block-heading has-text-align-left is-style-asterisk has-body-font-family has-medium-font-size\" style=\"font-style:normal;font-weight:600\">Beratung<\/h3>\n\n\n\n<p class=\"has-text-align-left\">Erlebe die Verschmelzung von Fantasie und Fachwissen mit \u00c9tudes Architektonische L\u00f6sungen.<\/p>\n<\/div>\n\n\n\n<div class=\"wp-block-column is-layout-flow wp-container-core-column-is-layout-e3d1c41b wp-block-column-is-layout-flow\">\n<h3 class=\"wp-block-heading has-text-align-left is-style-asterisk has-body-font-family has-medium-font-size\" style=\"font-style:normal;font-weight:600\">Projektmanagement<\/h3>\n\n\n\n<p class=\"has-text-align-left\">Erlebe die Verschmelzung von Fantasie und Fachwissen mit \u00c9tudes Architektonische L\u00f6sungen.<\/p>\n<\/div>\n\n\n\n<div class=\"wp-block-column is-layout-flow wp-container-core-column-is-layout-e3d1c41b wp-block-column-is-layout-flow\">\n<h3 class=\"wp-block-heading has-text-align-left is-style-asterisk has-body-font-family has-medium-font-size\" style=\"font-style:normal;font-weight:600\">Architektonische L\u00f6sungen<\/h3>\n\n\n\n<p class=\"has-text-align-left\">Erlebe die Verschmelzung von Fantasie und Fachwissen mit \u00c9tudes Architektonische L\u00f6sungen.<\/p>\n<\/div>\n<\/div>\n<\/div>\n\n\n\n<h2 class=\"wp-block-heading has-text-align-center\" style=\"text-transform:lowercase\"><strong>Sch\u00f6n, dass du da bist!<\/strong><\/h2>\n\n\n\n<hr class=\"wp-block-separator aligncenter has-alpha-channel-opacity is-style-wide\"\/>\n\n\n\n<p class=\"has-text-align-center\">Nat\u00fcrlich &#8211; \u00f6kologisch &#8211; fair &#8211; daf\u00fcr steht das K\u00fcstenkind.<\/p>\n\n\n\n<p class=\"has-text-align-center\"><br>Wir geh\u00f6ren zu keiner gro\u00dfen Kette sondern sind ein leidenschaftlicher kleiner Familienbetrieb im Herzen von Eckernf\u00f6rde.<\/p>\n\n\n\n<p class=\"has-text-align-center\"><\/p>\n\n\n\n<p class=\"has-text-align-center\">Unser liebevoll ausgesuchtes Sortiment erstreckt sich von zertifizierter Naturkosmetik \u00fcber \u00f6kologisch nachhaltige Bekleidung f\u00fcr Babys und Kinder bis hin zu Eco-Fashion f\u00fcr Damen und Herren. Und dazwischen gibt es noch so viel mehr bei uns zu entdecken\u2026..<\/p>\n\n\n\n<p class=\"has-text-align-center\"><\/p>\n\n\n\n<p class=\"has-text-align-center\">Neben der Bio-Qualit\u00e4t achten wir besonders auf die sozial ethische Herstellung der Artikel.<\/p>\n\n\n\n<p class=\"has-text-align-center\"><\/p>\n\n\n\n<p class=\"has-text-align-center\"><strong>Denn: \u00f6kologische \u00dcberzeugung ist viel mehr als ein naturverbundenes Gesch\u00e4ft.<\/strong><\/p>\n","protected":false},"excerpt":{"rendered":"<p>Sch\u00f6n, dass du da bist! Nat\u00fcrlich \u2013 \u00f6kologisch \u2013 fair\u2026. daf\u00fcr steht das K\u00dcSTENKIND. Unser liebevoll ausgesuchtes Sortiment erstreckt sich von zertifizierter Naturkosmetik \u00fcber \u00f6kologisch nachhaltige Bekleidung f\u00fcr Babys und Kinder bis hin zu Eco-Fashion f\u00fcr Damen und Herren. Wir geh\u00f6ren keiner gro\u00dfen Kette an. Wir sind ein mit Leidenschaft gef\u00fchrter kleiner Familienbetrieb im Herzen [&hellip;]<\/p>\n","protected":false},"author":1,"featured_media":0,"parent":0,"menu_order":0,"comment_status":"closed","ping_status":"closed","template":"","meta":{"iawp_total_views":39168,"footnotes":""},"class_list":["post-10","page","type-page","status-publish","hentry"],"yoast_head":"<!-- This site is optimized with the Yoast SEO plugin v27.4 - https:\/\/yoast.com\/product\/yoast-seo-wordpress\/ -->\n<title>Startseite - K\u00dcSTENKIND<\/title>\n<meta name=\"description\" content=\"K\u00dcSTENKIND Nat\u00fcrlich - \u00f6kologisch - fair - daf\u00fcr steht das K\u00fcstenkind.Wir geh\u00f6ren zu keiner gro\u00dfen Kette sondern sind ein leidenschaftlicher kleiner Familienbetrieb im Herzen von Eckernf\u00f6rde.\" \/>\n<meta name=\"robots\" content=\"index, follow, max-snippet:-1, max-image-preview:large, max-video-preview:-1\" \/>\n<link rel=\"canonical\" href=\"https:\/\/kuesten-kind.de\/KK2024\/\" \/>\n<meta property=\"og:locale\" content=\"de_DE\" \/>\n<meta property=\"og:type\" content=\"article\" \/>\n<meta property=\"og:title\" content=\"Startseite - K\u00dcSTENKIND\" \/>\n<meta property=\"og:description\" content=\"K\u00dcSTENKIND Nat\u00fcrlich - \u00f6kologisch - fair - daf\u00fcr steht das K\u00fcstenkind.Wir geh\u00f6ren zu keiner gro\u00dfen Kette sondern sind ein leidenschaftlicher kleiner Familienbetrieb im Herzen von Eckernf\u00f6rde.\" \/>\n<meta property=\"og:url\" content=\"https:\/\/kuesten-kind.de\/KK2024\/\" \/>\n<meta property=\"og:site_name\" content=\"K\u00dcSTENKIND\" \/>\n<meta property=\"article:publisher\" content=\"https:\/\/www.facebook.com\/kuestenkind.eck\" \/>\n<meta property=\"article:modified_time\" content=\"2024-06-04T11:32:36+00:00\" \/>\n<meta property=\"og:image\" content=\"https:\/\/kuesten-kind.de\/KK2024\/wp-content\/uploads\/2023\/12\/thumb_DSC_0567_1024-1024x683.jpg\" \/>\n<meta name=\"twitter:card\" content=\"summary_large_image\" \/>\n<script type=\"application\/ld+json\" class=\"yoast-schema-graph\">{\"@context\":\"https:\\\/\\\/schema.org\",\"@graph\":[{\"@type\":\"WebPage\",\"@id\":\"https:\\\/\\\/kuesten-kind.de\\\/KK2024\\\/\",\"url\":\"https:\\\/\\\/kuesten-kind.de\\\/KK2024\\\/\",\"name\":\"Startseite - K\u00dcSTENKIND\",\"isPartOf\":{\"@id\":\"https:\\\/\\\/kuesten-kind.de\\\/KK2024\\\/#website\"},\"primaryImageOfPage\":{\"@id\":\"https:\\\/\\\/kuesten-kind.de\\\/KK2024\\\/#primaryimage\"},\"image\":{\"@id\":\"https:\\\/\\\/kuesten-kind.de\\\/KK2024\\\/#primaryimage\"},\"thumbnailUrl\":\"https:\\\/\\\/kuesten-kind.de\\\/KK2024\\\/wp-content\\\/uploads\\\/2023\\\/12\\\/thumb_DSC_0567_1024-1024x683.jpg\",\"datePublished\":\"2023-12-29T14:00:47+00:00\",\"dateModified\":\"2024-06-04T11:32:36+00:00\",\"description\":\"K\u00dcSTENKIND Nat\u00fcrlich - \u00f6kologisch - fair - daf\u00fcr steht das K\u00fcstenkind.Wir geh\u00f6ren zu keiner gro\u00dfen Kette sondern sind ein leidenschaftlicher kleiner Familienbetrieb im Herzen von Eckernf\u00f6rde.\",\"breadcrumb\":{\"@id\":\"https:\\\/\\\/kuesten-kind.de\\\/KK2024\\\/#breadcrumb\"},\"inLanguage\":\"de\",\"potentialAction\":[{\"@type\":\"ReadAction\",\"target\":[\"https:\\\/\\\/kuesten-kind.de\\\/KK2024\\\/\"]}]},{\"@type\":\"ImageObject\",\"inLanguage\":\"de\",\"@id\":\"https:\\\/\\\/kuesten-kind.de\\\/KK2024\\\/#primaryimage\",\"url\":\"https:\\\/\\\/kuesten-kind.de\\\/KK2024\\\/wp-content\\\/uploads\\\/2023\\\/12\\\/thumb_DSC_0567_1024.jpg\",\"contentUrl\":\"https:\\\/\\\/kuesten-kind.de\\\/KK2024\\\/wp-content\\\/uploads\\\/2023\\\/12\\\/thumb_DSC_0567_1024.jpg\",\"width\":1086,\"height\":724},{\"@type\":\"BreadcrumbList\",\"@id\":\"https:\\\/\\\/kuesten-kind.de\\\/KK2024\\\/#breadcrumb\",\"itemListElement\":[{\"@type\":\"ListItem\",\"position\":1,\"name\":\"Startseite\",\"item\":\"https:\\\/\\\/kuesten-kind.de\\\/KK2024\\\/\"},{\"@type\":\"ListItem\",\"position\":2,\"name\":\"Startseite\"}]},{\"@type\":\"WebSite\",\"@id\":\"https:\\\/\\\/kuesten-kind.de\\\/KK2024\\\/#website\",\"url\":\"https:\\\/\\\/kuesten-kind.de\\\/KK2024\\\/\",\"name\":\"K\u00dcSTENKIND\",\"description\":\"nat\u00fcrlich - \u00f6kologisch - fair\",\"publisher\":{\"@id\":\"https:\\\/\\\/kuesten-kind.de\\\/KK2024\\\/#organization\"},\"potentialAction\":[{\"@type\":\"SearchAction\",\"target\":{\"@type\":\"EntryPoint\",\"urlTemplate\":\"https:\\\/\\\/kuesten-kind.de\\\/KK2024\\\/?s={search_term_string}\"},\"query-input\":{\"@type\":\"PropertyValueSpecification\",\"valueRequired\":true,\"valueName\":\"search_term_string\"}}],\"inLanguage\":\"de\"},{\"@type\":\"Organization\",\"@id\":\"https:\\\/\\\/kuesten-kind.de\\\/KK2024\\\/#organization\",\"name\":\"K\u00dcSTENKIND\",\"url\":\"https:\\\/\\\/kuesten-kind.de\\\/KK2024\\\/\",\"logo\":{\"@type\":\"ImageObject\",\"inLanguage\":\"de\",\"@id\":\"https:\\\/\\\/kuesten-kind.de\\\/KK2024\\\/#\\\/schema\\\/logo\\\/image\\\/\",\"url\":\"https:\\\/\\\/kuesten-kind.de\\\/KK2024\\\/wp-content\\\/uploads\\\/2024\\\/01\\\/KK_Logo_80x80.jpg\",\"contentUrl\":\"https:\\\/\\\/kuesten-kind.de\\\/KK2024\\\/wp-content\\\/uploads\\\/2024\\\/01\\\/KK_Logo_80x80.jpg\",\"width\":472,\"height\":472,\"caption\":\"K\u00dcSTENKIND\"},\"image\":{\"@id\":\"https:\\\/\\\/kuesten-kind.de\\\/KK2024\\\/#\\\/schema\\\/logo\\\/image\\\/\"},\"sameAs\":[\"https:\\\/\\\/www.facebook.com\\\/kuestenkind.eck\",\"https:\\\/\\\/www.instagram.com\\\/kuestenkind.eck\\\/\"]}]}<\/script>\n<!-- \/ Yoast SEO plugin. -->","yoast_head_json":{"title":"Startseite - K\u00dcSTENKIND","description":"K\u00dcSTENKIND Nat\u00fcrlich - \u00f6kologisch - fair - daf\u00fcr steht das K\u00fcstenkind.Wir geh\u00f6ren zu keiner gro\u00dfen Kette sondern sind ein leidenschaftlicher kleiner Familienbetrieb im Herzen von Eckernf\u00f6rde.","robots":{"index":"index","follow":"follow","max-snippet":"max-snippet:-1","max-image-preview":"max-image-preview:large","max-video-preview":"max-video-preview:-1"},"canonical":"https:\/\/kuesten-kind.de\/KK2024\/","og_locale":"de_DE","og_type":"article","og_title":"Startseite - K\u00dcSTENKIND","og_description":"K\u00dcSTENKIND Nat\u00fcrlich - \u00f6kologisch - fair - daf\u00fcr steht das K\u00fcstenkind.Wir geh\u00f6ren zu keiner gro\u00dfen Kette sondern sind ein leidenschaftlicher kleiner Familienbetrieb im Herzen von Eckernf\u00f6rde.","og_url":"https:\/\/kuesten-kind.de\/KK2024\/","og_site_name":"K\u00dcSTENKIND","article_publisher":"https:\/\/www.facebook.com\/kuestenkind.eck","article_modified_time":"2024-06-04T11:32:36+00:00","og_image":[{"url":"https:\/\/kuesten-kind.de\/KK2024\/wp-content\/uploads\/2023\/12\/thumb_DSC_0567_1024-1024x683.jpg","type":"","width":"","height":""}],"twitter_card":"summary_large_image","schema":{"@context":"https:\/\/schema.org","@graph":[{"@type":"WebPage","@id":"https:\/\/kuesten-kind.de\/KK2024\/","url":"https:\/\/kuesten-kind.de\/KK2024\/","name":"Startseite - K\u00dcSTENKIND","isPartOf":{"@id":"https:\/\/kuesten-kind.de\/KK2024\/#website"},"primaryImageOfPage":{"@id":"https:\/\/kuesten-kind.de\/KK2024\/#primaryimage"},"image":{"@id":"https:\/\/kuesten-kind.de\/KK2024\/#primaryimage"},"thumbnailUrl":"https:\/\/kuesten-kind.de\/KK2024\/wp-content\/uploads\/2023\/12\/thumb_DSC_0567_1024-1024x683.jpg","datePublished":"2023-12-29T14:00:47+00:00","dateModified":"2024-06-04T11:32:36+00:00","description":"K\u00dcSTENKIND Nat\u00fcrlich - \u00f6kologisch - fair - daf\u00fcr steht das K\u00fcstenkind.Wir geh\u00f6ren zu keiner gro\u00dfen Kette sondern sind ein leidenschaftlicher kleiner Familienbetrieb im Herzen von Eckernf\u00f6rde.","breadcrumb":{"@id":"https:\/\/kuesten-kind.de\/KK2024\/#breadcrumb"},"inLanguage":"de","potentialAction":[{"@type":"ReadAction","target":["https:\/\/kuesten-kind.de\/KK2024\/"]}]},{"@type":"ImageObject","inLanguage":"de","@id":"https:\/\/kuesten-kind.de\/KK2024\/#primaryimage","url":"https:\/\/kuesten-kind.de\/KK2024\/wp-content\/uploads\/2023\/12\/thumb_DSC_0567_1024.jpg","contentUrl":"https:\/\/kuesten-kind.de\/KK2024\/wp-content\/uploads\/2023\/12\/thumb_DSC_0567_1024.jpg","width":1086,"height":724},{"@type":"BreadcrumbList","@id":"https:\/\/kuesten-kind.de\/KK2024\/#breadcrumb","itemListElement":[{"@type":"ListItem","position":1,"name":"Startseite","item":"https:\/\/kuesten-kind.de\/KK2024\/"},{"@type":"ListItem","position":2,"name":"Startseite"}]},{"@type":"WebSite","@id":"https:\/\/kuesten-kind.de\/KK2024\/#website","url":"https:\/\/kuesten-kind.de\/KK2024\/","name":"K\u00dcSTENKIND","description":"nat\u00fcrlich - \u00f6kologisch - fair","publisher":{"@id":"https:\/\/kuesten-kind.de\/KK2024\/#organization"},"potentialAction":[{"@type":"SearchAction","target":{"@type":"EntryPoint","urlTemplate":"https:\/\/kuesten-kind.de\/KK2024\/?s={search_term_string}"},"query-input":{"@type":"PropertyValueSpecification","valueRequired":true,"valueName":"search_term_string"}}],"inLanguage":"de"},{"@type":"Organization","@id":"https:\/\/kuesten-kind.de\/KK2024\/#organization","name":"K\u00dcSTENKIND","url":"https:\/\/kuesten-kind.de\/KK2024\/","logo":{"@type":"ImageObject","inLanguage":"de","@id":"https:\/\/kuesten-kind.de\/KK2024\/#\/schema\/logo\/image\/","url":"https:\/\/kuesten-kind.de\/KK2024\/wp-content\/uploads\/2024\/01\/KK_Logo_80x80.jpg","contentUrl":"https:\/\/kuesten-kind.de\/KK2024\/wp-content\/uploads\/2024\/01\/KK_Logo_80x80.jpg","width":472,"height":472,"caption":"K\u00dcSTENKIND"},"image":{"@id":"https:\/\/kuesten-kind.de\/KK2024\/#\/schema\/logo\/image\/"},"sameAs":["https:\/\/www.facebook.com\/kuestenkind.eck","https:\/\/www.instagram.com\/kuestenkind.eck\/"]}]}},"jetpack_sharing_enabled":true,"_links":{"self":[{"href":"https:\/\/kuesten-kind.de\/KK2024\/wp-json\/wp\/v2\/pages\/10","targetHints":{"allow":["GET"]}}],"collection":[{"href":"https:\/\/kuesten-kind.de\/KK2024\/wp-json\/wp\/v2\/pages"}],"about":[{"href":"https:\/\/kuesten-kind.de\/KK2024\/wp-json\/wp\/v2\/types\/page"}],"author":[{"embeddable":true,"href":"https:\/\/kuesten-kind.de\/KK2024\/wp-json\/wp\/v2\/users\/1"}],"replies":[{"embeddable":true,"href":"https:\/\/kuesten-kind.de\/KK2024\/wp-json\/wp\/v2\/comments?post=10"}],"version-history":[{"count":10,"href":"https:\/\/kuesten-kind.de\/KK2024\/wp-json\/wp\/v2\/pages\/10\/revisions"}],"predecessor-version":[{"id":588,"href":"https:\/\/kuesten-kind.de\/KK2024\/wp-json\/wp\/v2\/pages\/10\/revisions\/588"}],"wp:attachment":[{"href":"https:\/\/kuesten-kind.de\/KK2024\/wp-json\/wp\/v2\/media?parent=10"}],"curies":[{"name":"wp","href":"https:\/\/api.w.org\/{rel}","templated":true}]}}