{"id":14,"date":"2023-12-29T15:00:47","date_gmt":"2023-12-29T14:00:47","guid":{"rendered":"https:\/\/kuesten-kind.de\/KK2024\/?page_id=14"},"modified":"2024-01-11T14:20:40","modified_gmt":"2024-01-11T13:20:40","slug":"worum-geht-es-bei-uns","status":"publish","type":"page","link":"https:\/\/kuesten-kind.de\/KK2024\/worum-geht-es-bei-uns\/","title":{"rendered":"Worum gehts bei uns?"},"content":{"rendered":"\n<div style=\"height:25px\" aria-hidden=\"true\" class=\"wp-block-spacer\"><\/div>\n\n\n\n<h2 class=\"wp-block-heading\">Warum machen wir das?<\/h2>\n\n\n\n<div style=\"height:25px\" aria-hidden=\"true\" class=\"wp-block-spacer\"><\/div>\n\n\n\n<p>Unsere Leidenschaft ist es, einen Beitrag dazu zu leisten, dass die Welt ein kleines bisschen besser wird. Klar, wir allein werden keine L\u00f6sungen f\u00fcr alle Herausforderungen unserer Zeit finden &#8211; aber wir k\u00f6nnen uns auf den Weg machen und durch kleine Schritte in die richtige Richtung der L\u00f6sung n\u00e4her kommen: einer Gesellschaft, die im Einklang mit der Natur lebt, die Umwelt schont und dadurch so vielen Menschen wie m\u00f6glich ein lebenswertes Leben erm\u00f6glicht.<\/p>\n\n\n\n<div style=\"height:25px\" aria-hidden=\"true\" class=\"wp-block-spacer\"><\/div>\n\n\n\n<hr class=\"wp-block-separator has-alpha-channel-opacity is-style-wide\"\/>\n\n\n\n<div style=\"height:25px\" aria-hidden=\"true\" class=\"wp-block-spacer\"><\/div>\n\n\n\n<h2 class=\"wp-block-heading\">Was bieten wir?<\/h2>\n\n\n\n<div style=\"height:25px\" aria-hidden=\"true\" class=\"wp-block-spacer\"><\/div>\n\n\n\n<p>Unser Sortiment ist durchweg nachhaltig. Fast alle unsere Lieferanten kennen wir pers\u00f6nlich, haben mit ihnen \u00fcber ihre Produkte und Philosophie gesprochen und wissen, \u201ewas dahinter steckt\u201c.<br>Wir stehen mit ihnen im st\u00e4ndigen Kontakt, wissen um die verwendeten Rohstoffe, die Produktionsbedingungen und den Transport. Und wenn wir einmal etwas nicht wissen, k\u00fcmmern wir uns darum und bringen es in Erfahrung.<\/p>\n\n\n\n<div style=\"height:25px\" aria-hidden=\"true\" class=\"wp-block-spacer\"><\/div>\n\n\n\n<hr class=\"wp-block-separator has-alpha-channel-opacity is-style-wide\"\/>\n\n\n\n<div style=\"height:25px\" aria-hidden=\"true\" class=\"wp-block-spacer\"><\/div>\n\n\n\n<h2 class=\"wp-block-heading\">Was ist unser Versprechen?<\/h2>\n\n\n\n<div style=\"height:25px\" aria-hidden=\"true\" class=\"wp-block-spacer\"><\/div>\n\n\n\n<p>Wir meinen, was wir sagen. Unser Ziel ist es, euch durch unsere individuelle und fachkundige Beratung zu zeigen, dass nachhaltiger Konsum f\u00fcr jeden m\u00f6glich ist.<br>Unser vielf\u00e4ltiges Sortiment erm\u00f6glicht es, die Produkte zu sehen, anzufassen und auszuprobieren. Und dabei steht ihr mit euren W\u00fcnschen und Bed\u00fcrfnissen im Mittelpunkt. Denn wir glauben, dass Menschen f\u00fcr Menschen da sein sollten &#8211; und daf\u00fcr geben wir unser Bestes.<\/p>\n\n\n\n<div style=\"height:25px\" aria-hidden=\"true\" class=\"wp-block-spacer\"><\/div>\n\n\n\n<hr class=\"wp-block-separator has-alpha-channel-opacity is-style-wide\"\/>\n","protected":false},"excerpt":{"rendered":"<p>Warum machen wir das? Unsere Leidenschaft ist es, einen Beitrag dazu zu leisten, dass die Welt ein kleines bisschen besser wird. Klar, wir allein werden keine L\u00f6sungen f\u00fcr alle Herausforderungen unserer Zeit finden &#8211; aber wir k\u00f6nnen uns auf den Weg machen und durch kleine Schritte in die richtige Richtung der L\u00f6sung n\u00e4her kommen: einer [&hellip;]<\/p>\n","protected":false},"author":1,"featured_media":47,"parent":0,"menu_order":0,"comment_status":"closed","ping_status":"closed","template":"","meta":{"iawp_total_views":1869,"footnotes":""},"class_list":["post-14","page","type-page","status-publish","has-post-thumbnail","hentry"],"yoast_head":"<!-- This site is optimized with the Yoast SEO plugin v27.4 - https:\/\/yoast.com\/product\/yoast-seo-wordpress\/ -->\n<title>Worum gehts bei uns? - K\u00dcSTENKIND<\/title>\n<meta name=\"robots\" content=\"index, follow, max-snippet:-1, max-image-preview:large, max-video-preview:-1\" \/>\n<link rel=\"canonical\" href=\"https:\/\/kuesten-kind.de\/KK2024\/worum-geht-es-bei-uns\/\" \/>\n<meta property=\"og:locale\" content=\"de_DE\" \/>\n<meta property=\"og:type\" content=\"article\" \/>\n<meta property=\"og:title\" content=\"Worum gehts bei uns? - K\u00dcSTENKIND\" \/>\n<meta property=\"og:description\" content=\"Warum machen wir das? Unsere Leidenschaft ist es, einen Beitrag dazu zu leisten, dass die Welt ein kleines bisschen besser wird. Klar, wir allein werden keine L\u00f6sungen f\u00fcr alle Herausforderungen unserer Zeit finden &#8211; aber wir k\u00f6nnen uns auf den Weg machen und durch kleine Schritte in die richtige Richtung der L\u00f6sung n\u00e4her kommen: einer [&hellip;]\" \/>\n<meta property=\"og:url\" content=\"https:\/\/kuesten-kind.de\/KK2024\/worum-geht-es-bei-uns\/\" \/>\n<meta property=\"og:site_name\" content=\"K\u00dcSTENKIND\" \/>\n<meta property=\"article:publisher\" content=\"https:\/\/www.facebook.com\/kuestenkind.eck\" \/>\n<meta property=\"article:modified_time\" content=\"2024-01-11T13:20:40+00:00\" \/>\n<meta property=\"og:image\" content=\"https:\/\/kuesten-kind.de\/KK2024\/wp-content\/uploads\/2023\/12\/cropped-20210421-DSC_0203.jpg\" \/>\n\t<meta property=\"og:image:width\" content=\"2000\" \/>\n\t<meta property=\"og:image:height\" content=\"1200\" \/>\n\t<meta property=\"og:image:type\" content=\"image\/jpeg\" \/>\n<meta name=\"twitter:card\" content=\"summary_large_image\" \/>\n<meta name=\"twitter:label1\" content=\"Gesch\u00e4tzte Lesezeit\" \/>\n\t<meta name=\"twitter:data1\" content=\"2\u00a0Minuten\" \/>\n<script type=\"application\/ld+json\" class=\"yoast-schema-graph\">{\"@context\":\"https:\\\/\\\/schema.org\",\"@graph\":[{\"@type\":\"Article\",\"@id\":\"https:\\\/\\\/kuesten-kind.de\\\/KK2024\\\/worum-geht-es-bei-uns\\\/#article\",\"isPartOf\":{\"@id\":\"https:\\\/\\\/kuesten-kind.de\\\/KK2024\\\/worum-geht-es-bei-uns\\\/\"},\"author\":{\"name\":\"hokalino\",\"@id\":\"https:\\\/\\\/kuesten-kind.de\\\/KK2024\\\/#\\\/schema\\\/person\\\/44ff7e2f3748ba53ff3c4374fecb1594\"},\"headline\":\"Worum gehts bei uns?\",\"datePublished\":\"2023-12-29T14:00:47+00:00\",\"dateModified\":\"2024-01-11T13:20:40+00:00\",\"mainEntityOfPage\":{\"@id\":\"https:\\\/\\\/kuesten-kind.de\\\/KK2024\\\/worum-geht-es-bei-uns\\\/\"},\"wordCount\":230,\"publisher\":{\"@id\":\"https:\\\/\\\/kuesten-kind.de\\\/KK2024\\\/#organization\"},\"image\":{\"@id\":\"https:\\\/\\\/kuesten-kind.de\\\/KK2024\\\/worum-geht-es-bei-uns\\\/#primaryimage\"},\"thumbnailUrl\":\"https:\\\/\\\/kuesten-kind.de\\\/KK2024\\\/wp-content\\\/uploads\\\/2023\\\/12\\\/cropped-20210421-DSC_0203.jpg\",\"inLanguage\":\"de\"},{\"@type\":[\"WebPage\",\"AboutPage\"],\"@id\":\"https:\\\/\\\/kuesten-kind.de\\\/KK2024\\\/worum-geht-es-bei-uns\\\/\",\"url\":\"https:\\\/\\\/kuesten-kind.de\\\/KK2024\\\/worum-geht-es-bei-uns\\\/\",\"name\":\"Worum gehts bei uns? - K\u00dcSTENKIND\",\"isPartOf\":{\"@id\":\"https:\\\/\\\/kuesten-kind.de\\\/KK2024\\\/#website\"},\"primaryImageOfPage\":{\"@id\":\"https:\\\/\\\/kuesten-kind.de\\\/KK2024\\\/worum-geht-es-bei-uns\\\/#primaryimage\"},\"image\":{\"@id\":\"https:\\\/\\\/kuesten-kind.de\\\/KK2024\\\/worum-geht-es-bei-uns\\\/#primaryimage\"},\"thumbnailUrl\":\"https:\\\/\\\/kuesten-kind.de\\\/KK2024\\\/wp-content\\\/uploads\\\/2023\\\/12\\\/cropped-20210421-DSC_0203.jpg\",\"datePublished\":\"2023-12-29T14:00:47+00:00\",\"dateModified\":\"2024-01-11T13:20:40+00:00\",\"breadcrumb\":{\"@id\":\"https:\\\/\\\/kuesten-kind.de\\\/KK2024\\\/worum-geht-es-bei-uns\\\/#breadcrumb\"},\"inLanguage\":\"de\",\"potentialAction\":[{\"@type\":\"ReadAction\",\"target\":[\"https:\\\/\\\/kuesten-kind.de\\\/KK2024\\\/worum-geht-es-bei-uns\\\/\"]}]},{\"@type\":\"ImageObject\",\"inLanguage\":\"de\",\"@id\":\"https:\\\/\\\/kuesten-kind.de\\\/KK2024\\\/worum-geht-es-bei-uns\\\/#primaryimage\",\"url\":\"https:\\\/\\\/kuesten-kind.de\\\/KK2024\\\/wp-content\\\/uploads\\\/2023\\\/12\\\/cropped-20210421-DSC_0203.jpg\",\"contentUrl\":\"https:\\\/\\\/kuesten-kind.de\\\/KK2024\\\/wp-content\\\/uploads\\\/2023\\\/12\\\/cropped-20210421-DSC_0203.jpg\",\"width\":2000,\"height\":1200},{\"@type\":\"BreadcrumbList\",\"@id\":\"https:\\\/\\\/kuesten-kind.de\\\/KK2024\\\/worum-geht-es-bei-uns\\\/#breadcrumb\",\"itemListElement\":[{\"@type\":\"ListItem\",\"position\":1,\"name\":\"Startseite\",\"item\":\"https:\\\/\\\/kuesten-kind.de\\\/KK2024\\\/\"},{\"@type\":\"ListItem\",\"position\":2,\"name\":\"Worum gehts bei uns?\"}]},{\"@type\":\"WebSite\",\"@id\":\"https:\\\/\\\/kuesten-kind.de\\\/KK2024\\\/#website\",\"url\":\"https:\\\/\\\/kuesten-kind.de\\\/KK2024\\\/\",\"name\":\"K\u00dcSTENKIND\",\"description\":\"nat\u00fcrlich - \u00f6kologisch - fair\",\"publisher\":{\"@id\":\"https:\\\/\\\/kuesten-kind.de\\\/KK2024\\\/#organization\"},\"potentialAction\":[{\"@type\":\"SearchAction\",\"target\":{\"@type\":\"EntryPoint\",\"urlTemplate\":\"https:\\\/\\\/kuesten-kind.de\\\/KK2024\\\/?s={search_term_string}\"},\"query-input\":{\"@type\":\"PropertyValueSpecification\",\"valueRequired\":true,\"valueName\":\"search_term_string\"}}],\"inLanguage\":\"de\"},{\"@type\":\"Organization\",\"@id\":\"https:\\\/\\\/kuesten-kind.de\\\/KK2024\\\/#organization\",\"name\":\"K\u00dcSTENKIND\",\"url\":\"https:\\\/\\\/kuesten-kind.de\\\/KK2024\\\/\",\"logo\":{\"@type\":\"ImageObject\",\"inLanguage\":\"de\",\"@id\":\"https:\\\/\\\/kuesten-kind.de\\\/KK2024\\\/#\\\/schema\\\/logo\\\/image\\\/\",\"url\":\"https:\\\/\\\/kuesten-kind.de\\\/KK2024\\\/wp-content\\\/uploads\\\/2024\\\/01\\\/KK_Logo_80x80.jpg\",\"contentUrl\":\"https:\\\/\\\/kuesten-kind.de\\\/KK2024\\\/wp-content\\\/uploads\\\/2024\\\/01\\\/KK_Logo_80x80.jpg\",\"width\":472,\"height\":472,\"caption\":\"K\u00dcSTENKIND\"},\"image\":{\"@id\":\"https:\\\/\\\/kuesten-kind.de\\\/KK2024\\\/#\\\/schema\\\/logo\\\/image\\\/\"},\"sameAs\":[\"https:\\\/\\\/www.facebook.com\\\/kuestenkind.eck\",\"https:\\\/\\\/www.instagram.com\\\/kuestenkind.eck\\\/\"]},{\"@type\":\"Person\",\"@id\":\"https:\\\/\\\/kuesten-kind.de\\\/KK2024\\\/#\\\/schema\\\/person\\\/44ff7e2f3748ba53ff3c4374fecb1594\",\"name\":\"hokalino\",\"image\":{\"@type\":\"ImageObject\",\"inLanguage\":\"de\",\"@id\":\"https:\\\/\\\/secure.gravatar.com\\\/avatar\\\/8b78bf1d09b4f8549018e5326b4b02a2c311be0657326f0dfe03da403f376406?s=96&d=mm&r=g\",\"url\":\"https:\\\/\\\/secure.gravatar.com\\\/avatar\\\/8b78bf1d09b4f8549018e5326b4b02a2c311be0657326f0dfe03da403f376406?s=96&d=mm&r=g\",\"contentUrl\":\"https:\\\/\\\/secure.gravatar.com\\\/avatar\\\/8b78bf1d09b4f8549018e5326b4b02a2c311be0657326f0dfe03da403f376406?s=96&d=mm&r=g\",\"caption\":\"hokalino\"},\"sameAs\":[\"https:\\\/\\\/kuesten-kind.de\\\/KK2024\"],\"url\":\"https:\\\/\\\/kuesten-kind.de\\\/KK2024\\\/author\\\/hokalino\\\/\"}]}<\/script>\n<!-- \/ Yoast SEO plugin. -->","yoast_head_json":{"title":"Worum gehts bei uns? - K\u00dcSTENKIND","robots":{"index":"index","follow":"follow","max-snippet":"max-snippet:-1","max-image-preview":"max-image-preview:large","max-video-preview":"max-video-preview:-1"},"canonical":"https:\/\/kuesten-kind.de\/KK2024\/worum-geht-es-bei-uns\/","og_locale":"de_DE","og_type":"article","og_title":"Worum gehts bei uns? - K\u00dcSTENKIND","og_description":"Warum machen wir das? Unsere Leidenschaft ist es, einen Beitrag dazu zu leisten, dass die Welt ein kleines bisschen besser wird. Klar, wir allein werden keine L\u00f6sungen f\u00fcr alle Herausforderungen unserer Zeit finden &#8211; aber wir k\u00f6nnen uns auf den Weg machen und durch kleine Schritte in die richtige Richtung der L\u00f6sung n\u00e4her kommen: einer [&hellip;]","og_url":"https:\/\/kuesten-kind.de\/KK2024\/worum-geht-es-bei-uns\/","og_site_name":"K\u00dcSTENKIND","article_publisher":"https:\/\/www.facebook.com\/kuestenkind.eck","article_modified_time":"2024-01-11T13:20:40+00:00","og_image":[{"width":2000,"height":1200,"url":"https:\/\/kuesten-kind.de\/KK2024\/wp-content\/uploads\/2023\/12\/cropped-20210421-DSC_0203.jpg","type":"image\/jpeg"}],"twitter_card":"summary_large_image","twitter_misc":{"Gesch\u00e4tzte Lesezeit":"2\u00a0Minuten"},"schema":{"@context":"https:\/\/schema.org","@graph":[{"@type":"Article","@id":"https:\/\/kuesten-kind.de\/KK2024\/worum-geht-es-bei-uns\/#article","isPartOf":{"@id":"https:\/\/kuesten-kind.de\/KK2024\/worum-geht-es-bei-uns\/"},"author":{"name":"hokalino","@id":"https:\/\/kuesten-kind.de\/KK2024\/#\/schema\/person\/44ff7e2f3748ba53ff3c4374fecb1594"},"headline":"Worum gehts bei uns?","datePublished":"2023-12-29T14:00:47+00:00","dateModified":"2024-01-11T13:20:40+00:00","mainEntityOfPage":{"@id":"https:\/\/kuesten-kind.de\/KK2024\/worum-geht-es-bei-uns\/"},"wordCount":230,"publisher":{"@id":"https:\/\/kuesten-kind.de\/KK2024\/#organization"},"image":{"@id":"https:\/\/kuesten-kind.de\/KK2024\/worum-geht-es-bei-uns\/#primaryimage"},"thumbnailUrl":"https:\/\/kuesten-kind.de\/KK2024\/wp-content\/uploads\/2023\/12\/cropped-20210421-DSC_0203.jpg","inLanguage":"de"},{"@type":["WebPage","AboutPage"],"@id":"https:\/\/kuesten-kind.de\/KK2024\/worum-geht-es-bei-uns\/","url":"https:\/\/kuesten-kind.de\/KK2024\/worum-geht-es-bei-uns\/","name":"Worum gehts bei uns? - K\u00dcSTENKIND","isPartOf":{"@id":"https:\/\/kuesten-kind.de\/KK2024\/#website"},"primaryImageOfPage":{"@id":"https:\/\/kuesten-kind.de\/KK2024\/worum-geht-es-bei-uns\/#primaryimage"},"image":{"@id":"https:\/\/kuesten-kind.de\/KK2024\/worum-geht-es-bei-uns\/#primaryimage"},"thumbnailUrl":"https:\/\/kuesten-kind.de\/KK2024\/wp-content\/uploads\/2023\/12\/cropped-20210421-DSC_0203.jpg","datePublished":"2023-12-29T14:00:47+00:00","dateModified":"2024-01-11T13:20:40+00:00","breadcrumb":{"@id":"https:\/\/kuesten-kind.de\/KK2024\/worum-geht-es-bei-uns\/#breadcrumb"},"inLanguage":"de","potentialAction":[{"@type":"ReadAction","target":["https:\/\/kuesten-kind.de\/KK2024\/worum-geht-es-bei-uns\/"]}]},{"@type":"ImageObject","inLanguage":"de","@id":"https:\/\/kuesten-kind.de\/KK2024\/worum-geht-es-bei-uns\/#primaryimage","url":"https:\/\/kuesten-kind.de\/KK2024\/wp-content\/uploads\/2023\/12\/cropped-20210421-DSC_0203.jpg","contentUrl":"https:\/\/kuesten-kind.de\/KK2024\/wp-content\/uploads\/2023\/12\/cropped-20210421-DSC_0203.jpg","width":2000,"height":1200},{"@type":"BreadcrumbList","@id":"https:\/\/kuesten-kind.de\/KK2024\/worum-geht-es-bei-uns\/#breadcrumb","itemListElement":[{"@type":"ListItem","position":1,"name":"Startseite","item":"https:\/\/kuesten-kind.de\/KK2024\/"},{"@type":"ListItem","position":2,"name":"Worum gehts bei uns?"}]},{"@type":"WebSite","@id":"https:\/\/kuesten-kind.de\/KK2024\/#website","url":"https:\/\/kuesten-kind.de\/KK2024\/","name":"K\u00dcSTENKIND","description":"nat\u00fcrlich - \u00f6kologisch - fair","publisher":{"@id":"https:\/\/kuesten-kind.de\/KK2024\/#organization"},"potentialAction":[{"@type":"SearchAction","target":{"@type":"EntryPoint","urlTemplate":"https:\/\/kuesten-kind.de\/KK2024\/?s={search_term_string}"},"query-input":{"@type":"PropertyValueSpecification","valueRequired":true,"valueName":"search_term_string"}}],"inLanguage":"de"},{"@type":"Organization","@id":"https:\/\/kuesten-kind.de\/KK2024\/#organization","name":"K\u00dcSTENKIND","url":"https:\/\/kuesten-kind.de\/KK2024\/","logo":{"@type":"ImageObject","inLanguage":"de","@id":"https:\/\/kuesten-kind.de\/KK2024\/#\/schema\/logo\/image\/","url":"https:\/\/kuesten-kind.de\/KK2024\/wp-content\/uploads\/2024\/01\/KK_Logo_80x80.jpg","contentUrl":"https:\/\/kuesten-kind.de\/KK2024\/wp-content\/uploads\/2024\/01\/KK_Logo_80x80.jpg","width":472,"height":472,"caption":"K\u00dcSTENKIND"},"image":{"@id":"https:\/\/kuesten-kind.de\/KK2024\/#\/schema\/logo\/image\/"},"sameAs":["https:\/\/www.facebook.com\/kuestenkind.eck","https:\/\/www.instagram.com\/kuestenkind.eck\/"]},{"@type":"Person","@id":"https:\/\/kuesten-kind.de\/KK2024\/#\/schema\/person\/44ff7e2f3748ba53ff3c4374fecb1594","name":"hokalino","image":{"@type":"ImageObject","inLanguage":"de","@id":"https:\/\/secure.gravatar.com\/avatar\/8b78bf1d09b4f8549018e5326b4b02a2c311be0657326f0dfe03da403f376406?s=96&d=mm&r=g","url":"https:\/\/secure.gravatar.com\/avatar\/8b78bf1d09b4f8549018e5326b4b02a2c311be0657326f0dfe03da403f376406?s=96&d=mm&r=g","contentUrl":"https:\/\/secure.gravatar.com\/avatar\/8b78bf1d09b4f8549018e5326b4b02a2c311be0657326f0dfe03da403f376406?s=96&d=mm&r=g","caption":"hokalino"},"sameAs":["https:\/\/kuesten-kind.de\/KK2024"],"url":"https:\/\/kuesten-kind.de\/KK2024\/author\/hokalino\/"}]}},"jetpack_sharing_enabled":true,"_links":{"self":[{"href":"https:\/\/kuesten-kind.de\/KK2024\/wp-json\/wp\/v2\/pages\/14","targetHints":{"allow":["GET"]}}],"collection":[{"href":"https:\/\/kuesten-kind.de\/KK2024\/wp-json\/wp\/v2\/pages"}],"about":[{"href":"https:\/\/kuesten-kind.de\/KK2024\/wp-json\/wp\/v2\/types\/page"}],"author":[{"embeddable":true,"href":"https:\/\/kuesten-kind.de\/KK2024\/wp-json\/wp\/v2\/users\/1"}],"replies":[{"embeddable":true,"href":"https:\/\/kuesten-kind.de\/KK2024\/wp-json\/wp\/v2\/comments?post=14"}],"version-history":[{"count":9,"href":"https:\/\/kuesten-kind.de\/KK2024\/wp-json\/wp\/v2\/pages\/14\/revisions"}],"predecessor-version":[{"id":491,"href":"https:\/\/kuesten-kind.de\/KK2024\/wp-json\/wp\/v2\/pages\/14\/revisions\/491"}],"wp:featuredmedia":[{"embeddable":true,"href":"https:\/\/kuesten-kind.de\/KK2024\/wp-json\/wp\/v2\/media\/47"}],"wp:attachment":[{"href":"https:\/\/kuesten-kind.de\/KK2024\/wp-json\/wp\/v2\/media?parent=14"}],"curies":[{"name":"wp","href":"https:\/\/api.w.org\/{rel}","templated":true}]}}