{"id":421,"date":"2024-01-06T21:38:18","date_gmt":"2024-01-06T20:38:18","guid":{"rendered":"https:\/\/kuesten-kind.de\/KK2024\/?page_id=421"},"modified":"2024-01-12T19:05:15","modified_gmt":"2024-01-12T18:05:15","slug":"newsletter","status":"publish","type":"page","link":"https:\/\/kuesten-kind.de\/KK2024\/newsletter\/","title":{"rendered":"Werde Teil des K\u00fcstenkind-Newsletters"},"content":{"rendered":"\n<h2 class=\"wp-block-heading\">So einfach bleibst du auf dem Laufenden<\/h2>\n\n\n\n<p>Obwohl wir im Laden gerne und viel \u00fcber unsere Produkte, unsere Erlebnisse mit den Herstellern, die Entwicklungen in der Branche und alles, was mit nachhaltigem Leben zu tun hat, reden, kann es sein, dass gerade du es noch nicht mitbekommen hast&#8230; Oder wir haben es einfach vers\u00e4umt, es dir mitzuteilen ;).<\/p>\n\n\n\n<p>Doch daf\u00fcr haben wir eine L\u00f6sung: unseren Newsletter!<\/p>\n\n\n\n<p>In regelm\u00e4\u00dfigen Abst\u00e4nden kehren die neuesten Infos rund ums K\u00fcstenkind in einem Newsletter zusammen.<\/p>\n\n\n\n<p>Sei dabei und trag dich einfach kostenlos unten ein &#8211; email-Adresse reicht. <\/p>\n\n\n\n<p>Und: wir geben die Daten nicht weiter, sondern nutzen sie nur f\u00fcr unsere Zwecke.<\/p>\n\n\n\n<figure class=\"wp-block-image size-large\"><img loading=\"lazy\" decoding=\"async\" width=\"1024\" height=\"576\" src=\"https:\/\/kuesten-kind.de\/KK2024\/wp-content\/uploads\/2024\/01\/Newsletter-Bild-1024x576.png\" alt=\"\" class=\"wp-image-507\" srcset=\"https:\/\/kuesten-kind.de\/KK2024\/wp-content\/uploads\/2024\/01\/Newsletter-Bild-1024x576.png 1024w, https:\/\/kuesten-kind.de\/KK2024\/wp-content\/uploads\/2024\/01\/Newsletter-Bild-600x338.png 600w, https:\/\/kuesten-kind.de\/KK2024\/wp-content\/uploads\/2024\/01\/Newsletter-Bild-300x169.png 300w, https:\/\/kuesten-kind.de\/KK2024\/wp-content\/uploads\/2024\/01\/Newsletter-Bild-768x432.png 768w, https:\/\/kuesten-kind.de\/KK2024\/wp-content\/uploads\/2024\/01\/Newsletter-Bild-1536x864.png 1536w, https:\/\/kuesten-kind.de\/KK2024\/wp-content\/uploads\/2024\/01\/Newsletter-Bild-2048x1152.png 2048w\" sizes=\"auto, (max-width: 1024px) 100vw, 1024px\" \/><\/figure>\n\n\n\n<p><\/p>\n\n\n\n<div class=\"wp-block-group is-layout-constrained wp-block-group-is-layout-constrained\">\n<div class=\"wp-block-group is-layout-constrained wp-block-group-is-layout-constrained\">\n    <div\n        class=\"align wp-block-mcb-mailchimp\"            id=\"mcbMailChimp-1\"  \n            data-attributes='{&quot;cId&quot;:&quot;0187dddf-f&quot;,&quot;config&quot;:{&quot;apiKey&quot;:&quot;&quot;,&quot;audienceId&quot;:&quot;4f1993c81f&quot;},&quot;elements&quot;:{&quot;title&quot;:false,&quot;desc&quot;:false,&quot;fName&quot;:false,&quot;lName&quot;:false,&quot;icon&quot;:true},&quot;content&quot;:{&quot;title&quot;:&quot;Subscribe to our Newsletter&quot;,&quot;desc&quot;:&quot;Subscribe to our newsletter &amp; enjoy 10% off your next purchase.&quot;,&quot;button&quot;:&quot;kostenlos anmelden&quot;},&quot;message&quot;:{&quot;success&quot;:&quot;Danke, du hast dich erfolgreich angemeldet&quot;,&quot;error&quot;:&quot;dein Account existiert bereits&quot;},&quot;placeholder&quot;:{&quot;fName&quot;:&quot;First Name&quot;,&quot;lName&quot;:&quot;Last Name&quot;,&quot;email&quot;:&quot;Email-Adresse&quot;},&quot;theme&quot;:&quot;form1&quot;,&quot;icon&quot;:{&quot;color&quot;:&quot;#fff&quot;},&quot;iconBG&quot;:{&quot;color&quot;:&quot;#bedcf0&quot;,&quot;type&quot;:&quot;solid&quot;},&quot;titleColor&quot;:&quot;#0575e6&quot;,&quot;descColor&quot;:&quot;#fff&quot;,&quot;formBG&quot;:{&quot;color&quot;:&quot;rgba(95, 75, 65, 1)&quot;,&quot;type&quot;:&quot;solid&quot;},&quot;formPadding&quot;:{&quot;top&quot;:&quot;70px&quot;,&quot;right&quot;:&quot;50px&quot;,&quot;bottom&quot;:&quot;70px&quot;,&quot;left&quot;:&quot;50px&quot;},&quot;formBorder&quot;:{&quot;width&quot;:&quot;10px&quot;,&quot;style&quot;:&quot;solid&quot;,&quot;color&quot;:&quot;#bedcf0&quot;,&quot;side&quot;:&quot;all&quot;,&quot;radius&quot;:&quot;5px&quot;},&quot;fieldTypo&quot;:{&quot;fontSize&quot;:{&quot;desktop&quot;:19,&quot;tablet&quot;:15,&quot;mobile&quot;:15},&quot;fontWeight&quot;:400,&quot;lineHeight&quot;:&quot;135%&quot;,&quot;fontFamily&quot;:&quot;ABeeZee&quot;,&quot;fontCategory&quot;:&quot;sans-serif&quot;,&quot;fontVariant&quot;:400,&quot;fontStyle&quot;:&quot;normal&quot;,&quot;textTransform&quot;:&quot;capitalize&quot;,&quot;textDecoration&quot;:&quot;auto&quot;},&quot;fieldColors&quot;:{&quot;bg&quot;:&quot;#fff&quot;,&quot;bgType&quot;:&quot;solid&quot;},&quot;fieldBorder&quot;:{&quot;radius&quot;:&quot;5px&quot;,&quot;width&quot;:&quot;0px&quot;,&quot;color&quot;:&quot;#bedcf0&quot;},&quot;fieldMargin&quot;:{&quot;top&quot;:&quot;0px&quot;,&quot;right&quot;:&quot;0px&quot;,&quot;bottom&quot;:&quot;0&quot;,&quot;left&quot;:&quot;0px&quot;},&quot;btnColors&quot;:{&quot;color&quot;:&quot;#fff&quot;,&quot;bg&quot;:&quot;#2355f2&quot;,&quot;bgType&quot;:&quot;gradient&quot;,&quot;gradient&quot;:&quot;linear-gradient(135deg, #ff7db8, #ee2a7b)&quot;},&quot;btnHovColors&quot;:{&quot;color&quot;:&quot;#fff&quot;,&quot;bg&quot;:&quot;#0575e67d&quot;},&quot;preview&quot;:false,&quot;align&quot;:&quot;&quot;,&quot;layout&quot;:{&quot;placement&quot;:&quot;normal&quot;,&quot;popupTimeOut&quot;:3,&quot;cacheTimeType&quot;:&quot;day&quot;,&quot;cacheTime&quot;:30},&quot;brandLogo&quot;:{&quot;img&quot;:{&quot;url&quot;:&quot;https:\\\/\\\/b-slider.bplugins.com\\\/wp-content\\\/uploads\\\/2025\\\/11\\\/mailchip-demo-image-scaled.jpg&quot;},&quot;size&quot;:120},&quot;form4LeftImage&quot;:{&quot;type&quot;:&quot;image&quot;,&quot;image&quot;:{&quot;url&quot;:&quot;https:\\\/\\\/b-slider.bplugins.com\\\/wp-content\\\/uploads\\\/2025\\\/11\\\/mailchip-demo-image-scaled.jpg&quot;}},&quot;imgArea&quot;:{&quot;height&quot;:{&quot;desktop&quot;:&quot;200px&quot;,&quot;tablet&quot;:&quot;150px&quot;,&quot;mobile&quot;:&quot;100px&quot;}},&quot;themeWidth&quot;:{&quot;desktop&quot;:&quot;100%&quot;,&quot;tablet&quot;:&quot;100%&quot;,&quot;mobile&quot;:&quot;100%&quot;},&quot;themeAlign&quot;:{&quot;desktop&quot;:&quot;left&quot;,&quot;tablet&quot;:&quot;left&quot;,&quot;mobile&quot;:&quot;left&quot;},&quot;titleTypo&quot;:{&quot;fontSize&quot;:{&quot;desktop&quot;:24,&quot;tablet&quot;:18,&quot;mobile&quot;:15},&quot;fontWeight&quot;:700,&quot;lineHeight&quot;:&quot;135%&quot;,&quot;textTransform&quot;:&quot;capitalize&quot;},&quot;titleMargin&quot;:{&quot;top&quot;:&quot;0px&quot;,&quot;right&quot;:&quot;0px&quot;,&quot;bottom&quot;:&quot;15px&quot;,&quot;left&quot;:&quot;0px&quot;},&quot;descTypo&quot;:{&quot;fontSize&quot;:{&quot;desktop&quot;:17,&quot;tablet&quot;:15,&quot;mobile&quot;:15},&quot;fontWeight&quot;:400,&quot;lineHeight&quot;:&quot;135%&quot;,&quot;textTransform&quot;:&quot;capitalize&quot;},&quot;descMargin&quot;:{&quot;top&quot;:&quot;0px&quot;,&quot;right&quot;:&quot;0px&quot;,&quot;bottom&quot;:&quot;10px&quot;,&quot;left&quot;:&quot;0px&quot;},&quot;fieldPadding&quot;:{&quot;top&quot;:&quot;2px&quot;,&quot;right&quot;:&quot;13px&quot;,&quot;bottom&quot;:&quot;2px&quot;,&quot;left&quot;:&quot;13px&quot;},&quot;btnTypo&quot;:{&quot;fontSize&quot;:{&quot;desktop&quot;:18,&quot;tablet&quot;:15,&quot;mobile&quot;:15},&quot;fontWeight&quot;:400,&quot;lineHeight&quot;:&quot;135%&quot;},&quot;btnMargin&quot;:{&quot;top&quot;:&quot;0px&quot;,&quot;right&quot;:&quot;0px&quot;,&quot;bottom&quot;:&quot;0px&quot;,&quot;left&quot;:&quot;0px&quot;},&quot;btnPadding&quot;:{&quot;top&quot;:&quot;9px&quot;,&quot;right&quot;:&quot;20px&quot;,&quot;bottom&quot;:&quot;9px&quot;,&quot;left&quot;:&quot;20px&quot;},&quot;btnBorder&quot;:{&quot;radius&quot;:&quot;5px&quot;},&quot;messageTypo&quot;:{&quot;fontSize&quot;:{&quot;desktop&quot;:18,&quot;tablet&quot;:15,&quot;mobile&quot;:15},&quot;fontWeight&quot;:400,&quot;lineHeight&quot;:&quot;135%&quot;},&quot;messageColors&quot;:{&quot;success&quot;:&quot;#228323&quot;,&quot;error&quot;:&quot;#f70000&quot;},&quot;popupBtn&quot;:{&quot;typo&quot;:{&quot;fontSize&quot;:{&quot;desktop&quot;:18,&quot;tablet&quot;:16,&quot;mobile&quot;:15},&quot;fontWeight&quot;:500,&quot;lineHeight&quot;:&quot;135%&quot;},&quot;colors&quot;:{&quot;color&quot;:&quot;#000&quot;,&quot;bg&quot;:&quot;#fff&quot;},&quot;hoverColors&quot;:{&quot;color&quot;:&quot;#fff&quot;,&quot;bg&quot;:&quot;#000&quot;},&quot;padding&quot;:{&quot;top&quot;:&quot;4px&quot;,&quot;right&quot;:&quot;5px&quot;,&quot;bottom&quot;:&quot;4px&quot;,&quot;left&quot;:&quot;5px&quot;},&quot;border&quot;:{&quot;width&quot;:&quot;1px&quot;,&quot;style&quot;:&quot;solid&quot;,&quot;color&quot;:&quot;#000&quot;,&quot;side&quot;:&quot;all&quot;,&quot;radius&quot;:&quot;3px&quot;},&quot;align&quot;:&quot;left&quot;,&quot;text&quot;:&quot;Subscribe&quot;},&quot;inputLabel&quot;:{&quot;typo&quot;:{&quot;fontSize&quot;:{&quot;desktop&quot;:16,&quot;tablet&quot;:15,&quot;mobile&quot;:14},&quot;fontWeight&quot;:400,&quot;lineHeight&quot;:&quot;135%&quot;},&quot;color&quot;:&quot;#000&quot;,&quot;label&quot;:true},&quot;closeBtn&quot;:{&quot;colors&quot;:{&quot;color&quot;:&quot;#fff&quot;,&quot;bg&quot;:&quot;#2355f2&quot;},&quot;size&quot;:40},&quot;modal&quot;:{&quot;width&quot;:{&quot;desktop&quot;:&quot;400px&quot;,&quot;tablet&quot;:&quot;300px&quot;,&quot;mobile&quot;:&quot;300px&quot;}}}'>\n    <\/div>\n\n    <\/div>\n<\/div>\n","protected":false},"excerpt":{"rendered":"<p>So einfach bleibst du auf dem Laufenden Obwohl wir im Laden gerne und viel \u00fcber unsere Produkte, unsere Erlebnisse mit den Herstellern, die Entwicklungen in der Branche und alles, was mit nachhaltigem Leben zu tun hat, reden, kann es sein, dass gerade du es noch nicht mitbekommen hast&#8230; Oder wir haben es einfach vers\u00e4umt, es [&hellip;]<\/p>\n","protected":false},"author":1,"featured_media":422,"parent":0,"menu_order":0,"comment_status":"closed","ping_status":"closed","template":"","meta":{"iawp_total_views":423,"footnotes":""},"class_list":["post-421","page","type-page","status-publish","has-post-thumbnail","hentry"],"yoast_head":"<!-- This site is optimized with the Yoast SEO plugin v27.4 - https:\/\/yoast.com\/product\/yoast-seo-wordpress\/ -->\n<title>Werde Teil des K\u00fcstenkind-Newsletters - K\u00dcSTENKIND<\/title>\n<meta name=\"robots\" content=\"index, follow, max-snippet:-1, max-image-preview:large, max-video-preview:-1\" \/>\n<link rel=\"canonical\" href=\"https:\/\/kuesten-kind.de\/KK2024\/newsletter\/\" \/>\n<meta property=\"og:locale\" content=\"de_DE\" \/>\n<meta property=\"og:type\" content=\"article\" \/>\n<meta property=\"og:title\" content=\"Werde Teil des K\u00fcstenkind-Newsletters - K\u00dcSTENKIND\" \/>\n<meta property=\"og:description\" content=\"So einfach bleibst du auf dem Laufenden Obwohl wir im Laden gerne und viel \u00fcber unsere Produkte, unsere Erlebnisse mit den Herstellern, die Entwicklungen in der Branche und alles, was mit nachhaltigem Leben zu tun hat, reden, kann es sein, dass gerade du es noch nicht mitbekommen hast&#8230; Oder wir haben es einfach vers\u00e4umt, es [&hellip;]\" \/>\n<meta property=\"og:url\" content=\"https:\/\/kuesten-kind.de\/KK2024\/newsletter\/\" \/>\n<meta property=\"og:site_name\" content=\"K\u00dcSTENKIND\" \/>\n<meta property=\"article:publisher\" content=\"https:\/\/www.facebook.com\/kuestenkind.eck\" \/>\n<meta property=\"article:modified_time\" content=\"2024-01-12T18:05:15+00:00\" \/>\n<meta property=\"og:image\" content=\"https:\/\/kuesten-kind.de\/KK2024\/wp-content\/uploads\/2024\/01\/news-530220_1280.jpg\" \/>\n\t<meta property=\"og:image:width\" content=\"1280\" \/>\n\t<meta property=\"og:image:height\" content=\"904\" \/>\n\t<meta property=\"og:image:type\" content=\"image\/jpeg\" \/>\n<meta name=\"twitter:card\" content=\"summary_large_image\" \/>\n<meta name=\"twitter:label1\" content=\"Gesch\u00e4tzte Lesezeit\" \/>\n\t<meta name=\"twitter:data1\" content=\"1\u00a0Minute\" \/>\n<script type=\"application\/ld+json\" class=\"yoast-schema-graph\">{\"@context\":\"https:\\\/\\\/schema.org\",\"@graph\":[{\"@type\":\"WebPage\",\"@id\":\"https:\\\/\\\/kuesten-kind.de\\\/KK2024\\\/newsletter\\\/\",\"url\":\"https:\\\/\\\/kuesten-kind.de\\\/KK2024\\\/newsletter\\\/\",\"name\":\"Werde Teil des K\u00fcstenkind-Newsletters - K\u00dcSTENKIND\",\"isPartOf\":{\"@id\":\"https:\\\/\\\/kuesten-kind.de\\\/KK2024\\\/#website\"},\"primaryImageOfPage\":{\"@id\":\"https:\\\/\\\/kuesten-kind.de\\\/KK2024\\\/newsletter\\\/#primaryimage\"},\"image\":{\"@id\":\"https:\\\/\\\/kuesten-kind.de\\\/KK2024\\\/newsletter\\\/#primaryimage\"},\"thumbnailUrl\":\"https:\\\/\\\/kuesten-kind.de\\\/KK2024\\\/wp-content\\\/uploads\\\/2024\\\/01\\\/news-530220_1280.jpg\",\"datePublished\":\"2024-01-06T20:38:18+00:00\",\"dateModified\":\"2024-01-12T18:05:15+00:00\",\"breadcrumb\":{\"@id\":\"https:\\\/\\\/kuesten-kind.de\\\/KK2024\\\/newsletter\\\/#breadcrumb\"},\"inLanguage\":\"de\",\"potentialAction\":[{\"@type\":\"ReadAction\",\"target\":[\"https:\\\/\\\/kuesten-kind.de\\\/KK2024\\\/newsletter\\\/\"]}]},{\"@type\":\"ImageObject\",\"inLanguage\":\"de\",\"@id\":\"https:\\\/\\\/kuesten-kind.de\\\/KK2024\\\/newsletter\\\/#primaryimage\",\"url\":\"https:\\\/\\\/kuesten-kind.de\\\/KK2024\\\/wp-content\\\/uploads\\\/2024\\\/01\\\/news-530220_1280.jpg\",\"contentUrl\":\"https:\\\/\\\/kuesten-kind.de\\\/KK2024\\\/wp-content\\\/uploads\\\/2024\\\/01\\\/news-530220_1280.jpg\",\"width\":1280,\"height\":904},{\"@type\":\"BreadcrumbList\",\"@id\":\"https:\\\/\\\/kuesten-kind.de\\\/KK2024\\\/newsletter\\\/#breadcrumb\",\"itemListElement\":[{\"@type\":\"ListItem\",\"position\":1,\"name\":\"Startseite\",\"item\":\"https:\\\/\\\/kuesten-kind.de\\\/KK2024\\\/\"},{\"@type\":\"ListItem\",\"position\":2,\"name\":\"Werde Teil des K\u00fcstenkind-Newsletters\"}]},{\"@type\":\"WebSite\",\"@id\":\"https:\\\/\\\/kuesten-kind.de\\\/KK2024\\\/#website\",\"url\":\"https:\\\/\\\/kuesten-kind.de\\\/KK2024\\\/\",\"name\":\"K\u00dcSTENKIND\",\"description\":\"nat\u00fcrlich - \u00f6kologisch - fair\",\"publisher\":{\"@id\":\"https:\\\/\\\/kuesten-kind.de\\\/KK2024\\\/#organization\"},\"potentialAction\":[{\"@type\":\"SearchAction\",\"target\":{\"@type\":\"EntryPoint\",\"urlTemplate\":\"https:\\\/\\\/kuesten-kind.de\\\/KK2024\\\/?s={search_term_string}\"},\"query-input\":{\"@type\":\"PropertyValueSpecification\",\"valueRequired\":true,\"valueName\":\"search_term_string\"}}],\"inLanguage\":\"de\"},{\"@type\":\"Organization\",\"@id\":\"https:\\\/\\\/kuesten-kind.de\\\/KK2024\\\/#organization\",\"name\":\"K\u00dcSTENKIND\",\"url\":\"https:\\\/\\\/kuesten-kind.de\\\/KK2024\\\/\",\"logo\":{\"@type\":\"ImageObject\",\"inLanguage\":\"de\",\"@id\":\"https:\\\/\\\/kuesten-kind.de\\\/KK2024\\\/#\\\/schema\\\/logo\\\/image\\\/\",\"url\":\"https:\\\/\\\/kuesten-kind.de\\\/KK2024\\\/wp-content\\\/uploads\\\/2024\\\/01\\\/KK_Logo_80x80.jpg\",\"contentUrl\":\"https:\\\/\\\/kuesten-kind.de\\\/KK2024\\\/wp-content\\\/uploads\\\/2024\\\/01\\\/KK_Logo_80x80.jpg\",\"width\":472,\"height\":472,\"caption\":\"K\u00dcSTENKIND\"},\"image\":{\"@id\":\"https:\\\/\\\/kuesten-kind.de\\\/KK2024\\\/#\\\/schema\\\/logo\\\/image\\\/\"},\"sameAs\":[\"https:\\\/\\\/www.facebook.com\\\/kuestenkind.eck\",\"https:\\\/\\\/www.instagram.com\\\/kuestenkind.eck\\\/\"]}]}<\/script>\n<!-- \/ Yoast SEO plugin. -->","yoast_head_json":{"title":"Werde Teil des K\u00fcstenkind-Newsletters - K\u00dcSTENKIND","robots":{"index":"index","follow":"follow","max-snippet":"max-snippet:-1","max-image-preview":"max-image-preview:large","max-video-preview":"max-video-preview:-1"},"canonical":"https:\/\/kuesten-kind.de\/KK2024\/newsletter\/","og_locale":"de_DE","og_type":"article","og_title":"Werde Teil des K\u00fcstenkind-Newsletters - K\u00dcSTENKIND","og_description":"So einfach bleibst du auf dem Laufenden Obwohl wir im Laden gerne und viel \u00fcber unsere Produkte, unsere Erlebnisse mit den Herstellern, die Entwicklungen in der Branche und alles, was mit nachhaltigem Leben zu tun hat, reden, kann es sein, dass gerade du es noch nicht mitbekommen hast&#8230; Oder wir haben es einfach vers\u00e4umt, es [&hellip;]","og_url":"https:\/\/kuesten-kind.de\/KK2024\/newsletter\/","og_site_name":"K\u00dcSTENKIND","article_publisher":"https:\/\/www.facebook.com\/kuestenkind.eck","article_modified_time":"2024-01-12T18:05:15+00:00","og_image":[{"width":1280,"height":904,"url":"https:\/\/kuesten-kind.de\/KK2024\/wp-content\/uploads\/2024\/01\/news-530220_1280.jpg","type":"image\/jpeg"}],"twitter_card":"summary_large_image","twitter_misc":{"Gesch\u00e4tzte Lesezeit":"1\u00a0Minute"},"schema":{"@context":"https:\/\/schema.org","@graph":[{"@type":"WebPage","@id":"https:\/\/kuesten-kind.de\/KK2024\/newsletter\/","url":"https:\/\/kuesten-kind.de\/KK2024\/newsletter\/","name":"Werde Teil des K\u00fcstenkind-Newsletters - K\u00dcSTENKIND","isPartOf":{"@id":"https:\/\/kuesten-kind.de\/KK2024\/#website"},"primaryImageOfPage":{"@id":"https:\/\/kuesten-kind.de\/KK2024\/newsletter\/#primaryimage"},"image":{"@id":"https:\/\/kuesten-kind.de\/KK2024\/newsletter\/#primaryimage"},"thumbnailUrl":"https:\/\/kuesten-kind.de\/KK2024\/wp-content\/uploads\/2024\/01\/news-530220_1280.jpg","datePublished":"2024-01-06T20:38:18+00:00","dateModified":"2024-01-12T18:05:15+00:00","breadcrumb":{"@id":"https:\/\/kuesten-kind.de\/KK2024\/newsletter\/#breadcrumb"},"inLanguage":"de","potentialAction":[{"@type":"ReadAction","target":["https:\/\/kuesten-kind.de\/KK2024\/newsletter\/"]}]},{"@type":"ImageObject","inLanguage":"de","@id":"https:\/\/kuesten-kind.de\/KK2024\/newsletter\/#primaryimage","url":"https:\/\/kuesten-kind.de\/KK2024\/wp-content\/uploads\/2024\/01\/news-530220_1280.jpg","contentUrl":"https:\/\/kuesten-kind.de\/KK2024\/wp-content\/uploads\/2024\/01\/news-530220_1280.jpg","width":1280,"height":904},{"@type":"BreadcrumbList","@id":"https:\/\/kuesten-kind.de\/KK2024\/newsletter\/#breadcrumb","itemListElement":[{"@type":"ListItem","position":1,"name":"Startseite","item":"https:\/\/kuesten-kind.de\/KK2024\/"},{"@type":"ListItem","position":2,"name":"Werde Teil des K\u00fcstenkind-Newsletters"}]},{"@type":"WebSite","@id":"https:\/\/kuesten-kind.de\/KK2024\/#website","url":"https:\/\/kuesten-kind.de\/KK2024\/","name":"K\u00dcSTENKIND","description":"nat\u00fcrlich - \u00f6kologisch - fair","publisher":{"@id":"https:\/\/kuesten-kind.de\/KK2024\/#organization"},"potentialAction":[{"@type":"SearchAction","target":{"@type":"EntryPoint","urlTemplate":"https:\/\/kuesten-kind.de\/KK2024\/?s={search_term_string}"},"query-input":{"@type":"PropertyValueSpecification","valueRequired":true,"valueName":"search_term_string"}}],"inLanguage":"de"},{"@type":"Organization","@id":"https:\/\/kuesten-kind.de\/KK2024\/#organization","name":"K\u00dcSTENKIND","url":"https:\/\/kuesten-kind.de\/KK2024\/","logo":{"@type":"ImageObject","inLanguage":"de","@id":"https:\/\/kuesten-kind.de\/KK2024\/#\/schema\/logo\/image\/","url":"https:\/\/kuesten-kind.de\/KK2024\/wp-content\/uploads\/2024\/01\/KK_Logo_80x80.jpg","contentUrl":"https:\/\/kuesten-kind.de\/KK2024\/wp-content\/uploads\/2024\/01\/KK_Logo_80x80.jpg","width":472,"height":472,"caption":"K\u00dcSTENKIND"},"image":{"@id":"https:\/\/kuesten-kind.de\/KK2024\/#\/schema\/logo\/image\/"},"sameAs":["https:\/\/www.facebook.com\/kuestenkind.eck","https:\/\/www.instagram.com\/kuestenkind.eck\/"]}]}},"jetpack_sharing_enabled":true,"_links":{"self":[{"href":"https:\/\/kuesten-kind.de\/KK2024\/wp-json\/wp\/v2\/pages\/421","targetHints":{"allow":["GET"]}}],"collection":[{"href":"https:\/\/kuesten-kind.de\/KK2024\/wp-json\/wp\/v2\/pages"}],"about":[{"href":"https:\/\/kuesten-kind.de\/KK2024\/wp-json\/wp\/v2\/types\/page"}],"author":[{"embeddable":true,"href":"https:\/\/kuesten-kind.de\/KK2024\/wp-json\/wp\/v2\/users\/1"}],"replies":[{"embeddable":true,"href":"https:\/\/kuesten-kind.de\/KK2024\/wp-json\/wp\/v2\/comments?post=421"}],"version-history":[{"count":2,"href":"https:\/\/kuesten-kind.de\/KK2024\/wp-json\/wp\/v2\/pages\/421\/revisions"}],"predecessor-version":[{"id":508,"href":"https:\/\/kuesten-kind.de\/KK2024\/wp-json\/wp\/v2\/pages\/421\/revisions\/508"}],"wp:featuredmedia":[{"embeddable":true,"href":"https:\/\/kuesten-kind.de\/KK2024\/wp-json\/wp\/v2\/media\/422"}],"wp:attachment":[{"href":"https:\/\/kuesten-kind.de\/KK2024\/wp-json\/wp\/v2\/media?parent=421"}],"curies":[{"name":"wp","href":"https:\/\/api.w.org\/{rel}","templated":true}]}}