{"id":69,"date":"2023-12-31T17:23:31","date_gmt":"2023-12-31T16:23:31","guid":{"rendered":"https:\/\/kuesten-kind.de\/KK2024\/?page_id=69"},"modified":"2024-01-12T17:20:10","modified_gmt":"2024-01-12T16:20:10","slug":"impressum","status":"publish","type":"page","link":"https:\/\/kuesten-kind.de\/KK2024\/impressum\/","title":{"rendered":"Impressum"},"content":{"rendered":"\n<p>K\u00dcSTENKIND<br>Katrin Balandies e.K.<br>Frau-Clara-Str. 16 D<br>24340 Eckernf\u00f6rde<\/p>\n\n\n\n<p>T: +49 (0) 4351 850 848 20<br>E: <a href=\"mailto:info@kuesten-kind.de\">info@kuesten-kind.de<\/a><br><a href=\"http:\/\/www.kuesten-kind.de\" target=\"_blank\" rel=\"noreferrer noopener\">www.kuesten-kind.de<\/a><br>Amtsgericht \u2013 Registergericht \u2013 Kiel HRA 8238 \u2013 Sitz: Eckernf\u00f6rde<br>USt-IdNr. DE 288653302<\/p>\n\n\n\n<p>verantwortlich f\u00fcr den Inhalt nach \u00a755 RStV:<br>Katrin Balandies<br>Frau-Clara-Str. 16<\/p>\n\n\n\n<p><strong>HAFTUNGSAUSSCHLUSS:<\/strong><\/p>\n\n\n\n<p><strong>Haftung f\u00fcr Inhalte<\/strong><\/p>\n\n\n\n<p>Die eigenen Inhalte der Seiten wurden mit gr\u00f6\u00dfter Sorgfalt erstellt. Allerdings ergibt sich aus der Natur der Sache heraus, dass f\u00fcr Richtigkeit, Vollst\u00e4ndigkeit und Aktualit\u00e4t der Inhalte keine Gew\u00e4hr \u00fcbernommen werden kann. Als Diensteanbieter besteht gem. \u00a7 7 Abs. 1 TMG die Verantwortlichkeit f\u00fcr eigene Inhalte. Nach \u00a7\u00a7 8 bis 10 TMG besteht jedoch nicht die Verpflichtung, \u00fcbermittelte oder gespeicherte fremde Informationen zu \u00fcberwachen oder nach Umst\u00e4nden zu forschen, die auf eine rechtswidrige T\u00e4tigkeit hinweisen. Wir sind selbstverst\u00e4ndlich bem\u00fcht, der Verpflichtung zur Entfernung oder Sperrung der Nutzung von Informationen nach den allgemeinen gesetzlichen Vorschriften nachzukommen, da diese selbstverst\u00e4ndlich unber\u00fchrt bleibt. Eine Haftung deswegen kann jedoch erst ab dem Zeitpunkt der Kenntnis einer konkreten Rechtsverletzung entstehen. Insoweit werden zweifelhafte oder rechtswidrige Inhalte, die eine entsprechende Rechtsverletzung darstellen, nach konkreter Kenntnisnahme umgehend entfernt. Sollte sich ein Anhaltspunkt f\u00fcr eine Rechtsverletzung ergeben, bitten wir um einen Hinweis unter Verwendung der oben genannten e-mail-Adresse, damit eine schnelle Regelung erm\u00f6glicht wird.<\/p>\n\n\n\n<p><strong>Haftung f\u00fcr Links<\/strong><\/p>\n\n\n\n<p>Die Website und das damit einhergehend Angebot enth\u00e4lt Links zu externen Webseiten, auf deren Inhalte wir keinen Einfluss haben. Daher k\u00f6nnen wir f\u00fcr diese fremden Inhalte auch keine Haftung oder Gew\u00e4hr \u00fcbernehmen. F\u00fcr die Inhalte der verlinkten Seiten ist immer der jeweilige Anbieter oder Betreiber der Seiten verantwortlich. Im Zeitpunkt der Verlinkung wurden die verlinkten Seiten auf m\u00f6gliche Rechtsverletzungen \u00fcberpr\u00fcft. Rechtswidrige Inhalte waren zu diesem Zeitpunkt nicht erkennbar. Stets und st\u00e4ndig ist eine inhaltliche Kontrolle und \u00dcberpr\u00fcfung der verlinkten Seiten nicht m\u00f6glich, insbesondere ist sie ohne konkrete Anhaltspunkte f\u00fcr eine m\u00f6gliche Rechtsverletzung auch nicht zumutbar. Sollten Rechtsverletzungen allerdings bekannt werden, werden derartige Links unverz\u00fcglich entfernt. Auch hier sind wir f\u00fcr einen Hinweis per e-mail dankbar.<\/p>\n\n\n\n<p><strong>Urheberrecht<\/strong><\/p>\n\n\n\n<p>Die durch uns als Seitenbetreiber erstellten Inhalte und Werke auf diesen Seiten unterliegen dem deutschen Urheberrecht. Die Vervielf\u00e4ltigung, Bearbeitung, Verbreitung und jede Art der Verwertung au\u00dferhalb der Grenzen und Schranken des Urheberrechts bed\u00fcrfen grunds\u00e4tzlich der schriftlichen Zustimmung des jeweiligen Autors bzw. des Erstellers. Downloads und Kopien dieser Seite sind nur f\u00fcr den privaten Gebrauch gestattet, eine kommerzielle Nutzung ist grunds\u00e4tzlich ohne vorherige schriftliche Zustimmung des Autors bzw. Erstellers untersagt. Soweit Inhalte auf dieser Seite nicht vom Betreiber selbst erstellt wurden, werden die Urheberrechte Dritter beachtet. Insbesondere werden Inhalte Dritter auch als solche gekennzeichnet. F\u00fcr den Fall, dass dieser Hinweis versehentlich unterblieben ist oder f\u00fcr den Fall, dass Sie trotzdem auf eine m\u00f6gliche Urheberrechtsverletzung aufmerksam werden, bitten wir abermals um entsprechenden Hinweis, am einfachsten mittels einer kurzen e-mail. Sollte auf diesem Wege eine Urheberrechtsverletzung bekannt werden, werden solche Inhalte selbstverst\u00e4ndlich unverz\u00fcglich entfernt.<\/p>\n\n\n\n<p><\/p>\n","protected":false},"excerpt":{"rendered":"<p>K\u00dcSTENKINDKatrin Balandies e.K.Frau-Clara-Str. 16 D24340 Eckernf\u00f6rde T: +49 (0) 4351 850 848 20E: info@kuesten-kind.dewww.kuesten-kind.deAmtsgericht \u2013 Registergericht \u2013 Kiel HRA 8238 \u2013 Sitz: Eckernf\u00f6rdeUSt-IdNr. DE 288653302 verantwortlich f\u00fcr den Inhalt nach \u00a755 RStV:Katrin BalandiesFrau-Clara-Str. 16 HAFTUNGSAUSSCHLUSS: Haftung f\u00fcr Inhalte Die eigenen Inhalte der Seiten wurden mit gr\u00f6\u00dfter Sorgfalt erstellt. Allerdings ergibt sich aus der Natur der [&hellip;]<\/p>\n","protected":false},"author":1,"featured_media":96,"parent":0,"menu_order":0,"comment_status":"closed","ping_status":"closed","template":"","meta":{"iawp_total_views":979,"footnotes":""},"class_list":["post-69","page","type-page","status-publish","has-post-thumbnail","hentry"],"yoast_head":"<!-- This site is optimized with the Yoast SEO plugin v27.4 - https:\/\/yoast.com\/product\/yoast-seo-wordpress\/ -->\n<title>Impressum - K\u00dcSTENKIND<\/title>\n<meta name=\"robots\" content=\"index, follow, max-snippet:-1, max-image-preview:large, max-video-preview:-1\" \/>\n<link rel=\"canonical\" href=\"https:\/\/kuesten-kind.de\/KK2024\/impressum\/\" \/>\n<meta property=\"og:locale\" content=\"de_DE\" \/>\n<meta property=\"og:type\" content=\"article\" \/>\n<meta property=\"og:title\" content=\"Impressum - K\u00dcSTENKIND\" \/>\n<meta property=\"og:description\" content=\"K\u00dcSTENKINDKatrin Balandies e.K.Frau-Clara-Str. 16 D24340 Eckernf\u00f6rde T: +49 (0) 4351 850 848 20E: info@kuesten-kind.dewww.kuesten-kind.deAmtsgericht \u2013 Registergericht \u2013 Kiel HRA 8238 \u2013 Sitz: Eckernf\u00f6rdeUSt-IdNr. DE 288653302 verantwortlich f\u00fcr den Inhalt nach \u00a755 RStV:Katrin BalandiesFrau-Clara-Str. 16 HAFTUNGSAUSSCHLUSS: Haftung f\u00fcr Inhalte Die eigenen Inhalte der Seiten wurden mit gr\u00f6\u00dfter Sorgfalt erstellt. Allerdings ergibt sich aus der Natur der [&hellip;]\" \/>\n<meta property=\"og:url\" content=\"https:\/\/kuesten-kind.de\/KK2024\/impressum\/\" \/>\n<meta property=\"og:site_name\" content=\"K\u00dcSTENKIND\" \/>\n<meta property=\"article:publisher\" content=\"https:\/\/www.facebook.com\/kuestenkind.eck\" \/>\n<meta property=\"article:modified_time\" content=\"2024-01-12T16:20:10+00:00\" \/>\n<meta property=\"og:image\" content=\"https:\/\/kuesten-kind.de\/KK2024\/wp-content\/uploads\/2024\/01\/DSC_0508.jpg\" \/>\n\t<meta property=\"og:image:width\" content=\"1620\" \/>\n\t<meta property=\"og:image:height\" content=\"1080\" \/>\n\t<meta property=\"og:image:type\" content=\"image\/jpeg\" \/>\n<meta name=\"twitter:card\" content=\"summary_large_image\" \/>\n<meta name=\"twitter:label1\" content=\"Gesch\u00e4tzte Lesezeit\" \/>\n\t<meta name=\"twitter:data1\" content=\"3\u00a0Minuten\" \/>\n<script type=\"application\/ld+json\" class=\"yoast-schema-graph\">{\"@context\":\"https:\\\/\\\/schema.org\",\"@graph\":[{\"@type\":\"WebPage\",\"@id\":\"https:\\\/\\\/kuesten-kind.de\\\/KK2024\\\/impressum\\\/\",\"url\":\"https:\\\/\\\/kuesten-kind.de\\\/KK2024\\\/impressum\\\/\",\"name\":\"Impressum - K\u00dcSTENKIND\",\"isPartOf\":{\"@id\":\"https:\\\/\\\/kuesten-kind.de\\\/KK2024\\\/#website\"},\"primaryImageOfPage\":{\"@id\":\"https:\\\/\\\/kuesten-kind.de\\\/KK2024\\\/impressum\\\/#primaryimage\"},\"image\":{\"@id\":\"https:\\\/\\\/kuesten-kind.de\\\/KK2024\\\/impressum\\\/#primaryimage\"},\"thumbnailUrl\":\"https:\\\/\\\/kuesten-kind.de\\\/KK2024\\\/wp-content\\\/uploads\\\/2024\\\/01\\\/DSC_0508.jpg\",\"datePublished\":\"2023-12-31T16:23:31+00:00\",\"dateModified\":\"2024-01-12T16:20:10+00:00\",\"breadcrumb\":{\"@id\":\"https:\\\/\\\/kuesten-kind.de\\\/KK2024\\\/impressum\\\/#breadcrumb\"},\"inLanguage\":\"de\",\"potentialAction\":[{\"@type\":\"ReadAction\",\"target\":[\"https:\\\/\\\/kuesten-kind.de\\\/KK2024\\\/impressum\\\/\"]}]},{\"@type\":\"ImageObject\",\"inLanguage\":\"de\",\"@id\":\"https:\\\/\\\/kuesten-kind.de\\\/KK2024\\\/impressum\\\/#primaryimage\",\"url\":\"https:\\\/\\\/kuesten-kind.de\\\/KK2024\\\/wp-content\\\/uploads\\\/2024\\\/01\\\/DSC_0508.jpg\",\"contentUrl\":\"https:\\\/\\\/kuesten-kind.de\\\/KK2024\\\/wp-content\\\/uploads\\\/2024\\\/01\\\/DSC_0508.jpg\",\"width\":1620,\"height\":1080},{\"@type\":\"BreadcrumbList\",\"@id\":\"https:\\\/\\\/kuesten-kind.de\\\/KK2024\\\/impressum\\\/#breadcrumb\",\"itemListElement\":[{\"@type\":\"ListItem\",\"position\":1,\"name\":\"Startseite\",\"item\":\"https:\\\/\\\/kuesten-kind.de\\\/KK2024\\\/\"},{\"@type\":\"ListItem\",\"position\":2,\"name\":\"Impressum\"}]},{\"@type\":\"WebSite\",\"@id\":\"https:\\\/\\\/kuesten-kind.de\\\/KK2024\\\/#website\",\"url\":\"https:\\\/\\\/kuesten-kind.de\\\/KK2024\\\/\",\"name\":\"K\u00dcSTENKIND\",\"description\":\"nat\u00fcrlich - \u00f6kologisch - fair\",\"publisher\":{\"@id\":\"https:\\\/\\\/kuesten-kind.de\\\/KK2024\\\/#organization\"},\"potentialAction\":[{\"@type\":\"SearchAction\",\"target\":{\"@type\":\"EntryPoint\",\"urlTemplate\":\"https:\\\/\\\/kuesten-kind.de\\\/KK2024\\\/?s={search_term_string}\"},\"query-input\":{\"@type\":\"PropertyValueSpecification\",\"valueRequired\":true,\"valueName\":\"search_term_string\"}}],\"inLanguage\":\"de\"},{\"@type\":\"Organization\",\"@id\":\"https:\\\/\\\/kuesten-kind.de\\\/KK2024\\\/#organization\",\"name\":\"K\u00dcSTENKIND\",\"url\":\"https:\\\/\\\/kuesten-kind.de\\\/KK2024\\\/\",\"logo\":{\"@type\":\"ImageObject\",\"inLanguage\":\"de\",\"@id\":\"https:\\\/\\\/kuesten-kind.de\\\/KK2024\\\/#\\\/schema\\\/logo\\\/image\\\/\",\"url\":\"https:\\\/\\\/kuesten-kind.de\\\/KK2024\\\/wp-content\\\/uploads\\\/2024\\\/01\\\/KK_Logo_80x80.jpg\",\"contentUrl\":\"https:\\\/\\\/kuesten-kind.de\\\/KK2024\\\/wp-content\\\/uploads\\\/2024\\\/01\\\/KK_Logo_80x80.jpg\",\"width\":472,\"height\":472,\"caption\":\"K\u00dcSTENKIND\"},\"image\":{\"@id\":\"https:\\\/\\\/kuesten-kind.de\\\/KK2024\\\/#\\\/schema\\\/logo\\\/image\\\/\"},\"sameAs\":[\"https:\\\/\\\/www.facebook.com\\\/kuestenkind.eck\",\"https:\\\/\\\/www.instagram.com\\\/kuestenkind.eck\\\/\"]}]}<\/script>\n<!-- \/ Yoast SEO plugin. -->","yoast_head_json":{"title":"Impressum - K\u00dcSTENKIND","robots":{"index":"index","follow":"follow","max-snippet":"max-snippet:-1","max-image-preview":"max-image-preview:large","max-video-preview":"max-video-preview:-1"},"canonical":"https:\/\/kuesten-kind.de\/KK2024\/impressum\/","og_locale":"de_DE","og_type":"article","og_title":"Impressum - K\u00dcSTENKIND","og_description":"K\u00dcSTENKINDKatrin Balandies e.K.Frau-Clara-Str. 16 D24340 Eckernf\u00f6rde T: +49 (0) 4351 850 848 20E: info@kuesten-kind.dewww.kuesten-kind.deAmtsgericht \u2013 Registergericht \u2013 Kiel HRA 8238 \u2013 Sitz: Eckernf\u00f6rdeUSt-IdNr. DE 288653302 verantwortlich f\u00fcr den Inhalt nach \u00a755 RStV:Katrin BalandiesFrau-Clara-Str. 16 HAFTUNGSAUSSCHLUSS: Haftung f\u00fcr Inhalte Die eigenen Inhalte der Seiten wurden mit gr\u00f6\u00dfter Sorgfalt erstellt. Allerdings ergibt sich aus der Natur der [&hellip;]","og_url":"https:\/\/kuesten-kind.de\/KK2024\/impressum\/","og_site_name":"K\u00dcSTENKIND","article_publisher":"https:\/\/www.facebook.com\/kuestenkind.eck","article_modified_time":"2024-01-12T16:20:10+00:00","og_image":[{"width":1620,"height":1080,"url":"https:\/\/kuesten-kind.de\/KK2024\/wp-content\/uploads\/2024\/01\/DSC_0508.jpg","type":"image\/jpeg"}],"twitter_card":"summary_large_image","twitter_misc":{"Gesch\u00e4tzte Lesezeit":"3\u00a0Minuten"},"schema":{"@context":"https:\/\/schema.org","@graph":[{"@type":"WebPage","@id":"https:\/\/kuesten-kind.de\/KK2024\/impressum\/","url":"https:\/\/kuesten-kind.de\/KK2024\/impressum\/","name":"Impressum - K\u00dcSTENKIND","isPartOf":{"@id":"https:\/\/kuesten-kind.de\/KK2024\/#website"},"primaryImageOfPage":{"@id":"https:\/\/kuesten-kind.de\/KK2024\/impressum\/#primaryimage"},"image":{"@id":"https:\/\/kuesten-kind.de\/KK2024\/impressum\/#primaryimage"},"thumbnailUrl":"https:\/\/kuesten-kind.de\/KK2024\/wp-content\/uploads\/2024\/01\/DSC_0508.jpg","datePublished":"2023-12-31T16:23:31+00:00","dateModified":"2024-01-12T16:20:10+00:00","breadcrumb":{"@id":"https:\/\/kuesten-kind.de\/KK2024\/impressum\/#breadcrumb"},"inLanguage":"de","potentialAction":[{"@type":"ReadAction","target":["https:\/\/kuesten-kind.de\/KK2024\/impressum\/"]}]},{"@type":"ImageObject","inLanguage":"de","@id":"https:\/\/kuesten-kind.de\/KK2024\/impressum\/#primaryimage","url":"https:\/\/kuesten-kind.de\/KK2024\/wp-content\/uploads\/2024\/01\/DSC_0508.jpg","contentUrl":"https:\/\/kuesten-kind.de\/KK2024\/wp-content\/uploads\/2024\/01\/DSC_0508.jpg","width":1620,"height":1080},{"@type":"BreadcrumbList","@id":"https:\/\/kuesten-kind.de\/KK2024\/impressum\/#breadcrumb","itemListElement":[{"@type":"ListItem","position":1,"name":"Startseite","item":"https:\/\/kuesten-kind.de\/KK2024\/"},{"@type":"ListItem","position":2,"name":"Impressum"}]},{"@type":"WebSite","@id":"https:\/\/kuesten-kind.de\/KK2024\/#website","url":"https:\/\/kuesten-kind.de\/KK2024\/","name":"K\u00dcSTENKIND","description":"nat\u00fcrlich - \u00f6kologisch - fair","publisher":{"@id":"https:\/\/kuesten-kind.de\/KK2024\/#organization"},"potentialAction":[{"@type":"SearchAction","target":{"@type":"EntryPoint","urlTemplate":"https:\/\/kuesten-kind.de\/KK2024\/?s={search_term_string}"},"query-input":{"@type":"PropertyValueSpecification","valueRequired":true,"valueName":"search_term_string"}}],"inLanguage":"de"},{"@type":"Organization","@id":"https:\/\/kuesten-kind.de\/KK2024\/#organization","name":"K\u00dcSTENKIND","url":"https:\/\/kuesten-kind.de\/KK2024\/","logo":{"@type":"ImageObject","inLanguage":"de","@id":"https:\/\/kuesten-kind.de\/KK2024\/#\/schema\/logo\/image\/","url":"https:\/\/kuesten-kind.de\/KK2024\/wp-content\/uploads\/2024\/01\/KK_Logo_80x80.jpg","contentUrl":"https:\/\/kuesten-kind.de\/KK2024\/wp-content\/uploads\/2024\/01\/KK_Logo_80x80.jpg","width":472,"height":472,"caption":"K\u00dcSTENKIND"},"image":{"@id":"https:\/\/kuesten-kind.de\/KK2024\/#\/schema\/logo\/image\/"},"sameAs":["https:\/\/www.facebook.com\/kuestenkind.eck","https:\/\/www.instagram.com\/kuestenkind.eck\/"]}]}},"jetpack_sharing_enabled":true,"_links":{"self":[{"href":"https:\/\/kuesten-kind.de\/KK2024\/wp-json\/wp\/v2\/pages\/69","targetHints":{"allow":["GET"]}}],"collection":[{"href":"https:\/\/kuesten-kind.de\/KK2024\/wp-json\/wp\/v2\/pages"}],"about":[{"href":"https:\/\/kuesten-kind.de\/KK2024\/wp-json\/wp\/v2\/types\/page"}],"author":[{"embeddable":true,"href":"https:\/\/kuesten-kind.de\/KK2024\/wp-json\/wp\/v2\/users\/1"}],"replies":[{"embeddable":true,"href":"https:\/\/kuesten-kind.de\/KK2024\/wp-json\/wp\/v2\/comments?post=69"}],"version-history":[{"count":2,"href":"https:\/\/kuesten-kind.de\/KK2024\/wp-json\/wp\/v2\/pages\/69\/revisions"}],"predecessor-version":[{"id":503,"href":"https:\/\/kuesten-kind.de\/KK2024\/wp-json\/wp\/v2\/pages\/69\/revisions\/503"}],"wp:featuredmedia":[{"embeddable":true,"href":"https:\/\/kuesten-kind.de\/KK2024\/wp-json\/wp\/v2\/media\/96"}],"wp:attachment":[{"href":"https:\/\/kuesten-kind.de\/KK2024\/wp-json\/wp\/v2\/media?parent=69"}],"curies":[{"name":"wp","href":"https:\/\/api.w.org\/{rel}","templated":true}]}}